{"id":259431,"date":"2021-03-05T08:41:36","date_gmt":"2021-03-05T07:41:36","guid":{"rendered":"https:\/\/tauceramica.zeus.vision\/projets\/"},"modified":"2021-04-16T10:49:23","modified_gmt":"2021-04-16T08:49:23","slug":"projets","status":"publish","type":"page","link":"https:\/\/www.tauceramica.com\/fr\/projets\/","title":{"rendered":"Projets"},"content":{"rendered":"\n<p>Chez Tau, nous avons d\u00e9cid\u00e9 de relever un d\u00e9fi ambitieux de design et d&rsquo;innovation.<\/p>\n","protected":false},"excerpt":{"rendered":"<p>Chez Tau, nous avons d\u00e9cid\u00e9 de relever un d\u00e9fi ambitieux de design et d&rsquo;innovation.<\/p>\n","protected":false},"author":1,"featured_media":259433,"parent":0,"menu_order":0,"comment_status":"closed","ping_status":"closed","template":"page-proyectos.php","meta":{"_acf_changed":false,"footnotes":""},"class_list":["post-259431","page","type-page","status-publish","has-post-thumbnail","hentry"],"acf":[],"_links":{"self":[{"href":"https:\/\/www.tauceramica.com\/fr\/wp-json\/wp\/v2\/pages\/259431","targetHints":{"allow":["GET"]}}],"collection":[{"href":"https:\/\/www.tauceramica.com\/fr\/wp-json\/wp\/v2\/pages"}],"about":[{"href":"https:\/\/www.tauceramica.com\/fr\/wp-json\/wp\/v2\/types\/page"}],"author":[{"embeddable":true,"href":"https:\/\/www.tauceramica.com\/fr\/wp-json\/wp\/v2\/users\/1"}],"replies":[{"embeddable":true,"href":"https:\/\/www.tauceramica.com\/fr\/wp-json\/wp\/v2\/comments?post=259431"}],"version-history":[{"count":0,"href":"https:\/\/www.tauceramica.com\/fr\/wp-json\/wp\/v2\/pages\/259431\/revisions"}],"wp:featuredmedia":[{"embeddable":true,"href":"https:\/\/www.tauceramica.com\/fr\/wp-json\/wp\/v2\/media\/259433"}],"wp:attachment":[{"href":"https:\/\/www.tauceramica.com\/fr\/wp-json\/wp\/v2\/media?parent=259431"}],"curies":[{"name":"wp","href":"https:\/\/api.w.org\/{rel}","templated":true}]}}