{"id":269956,"date":"2021-03-23T10:51:23","date_gmt":"2021-03-23T09:51:23","guid":{"rendered":"https:\/\/tauceramica.zeus.vision\/mentions-legales\/"},"modified":"2024-04-02T15:49:35","modified_gmt":"2024-04-02T13:49:35","slug":"mentions-legales","status":"publish","type":"page","link":"https:\/\/www.tauceramica.com\/fr\/mentions-legales\/","title":{"rendered":"Mentions l\u00e9gales"},"content":{"rendered":"\n<h3 class=\"wp-block-heading\"><strong>Mentions l\u00e9gales &#8211; Conditions g\u00e9n\u00e9rales d&rsquo;utilisation &#8211; Politique de confidentialit\u00e9<\/strong>.<\/h3>\n\n\n\n<p>Toute communication avec <strong>TAU CER\u00c1MICA<\/strong> \u00e0 travers son adresse de courrier \u00e9lectronique, soit par le biais des formulaires pr\u00e9sents sur ce site web ou du lien vers son e-mail publi\u00e9 sur celui-ci, suppose que vous consentez express\u00e9ment \u00e0 ce que vos donn\u00e9es personnelles soient conserv\u00e9es dans des fichiers appartenant \u00e0 <strong>TAU CER\u00c1MICA<\/strong>, sise \u00e0&nbsp;:<\/p>\n\n\n\n<h4 class=\"wp-block-heading\"><strong>TAU Cer\u00e1mica\/Oficinas<\/strong><\/h4>\n\n\n\n<p><strong>Carrer del Toll 18, 12200 Onda, Castell\u00f3n, Espagne<\/strong><\/p>\n\n\n\n<p><\/p>\n\n\n\n<p>Ces donn\u00e9es seront trait\u00e9es par l&rsquo;entreprise susmentionn\u00e9e et plac\u00e9es sous sa responsabilit\u00e9 dans le but de r\u00e9pondre aux demandes. L&rsquo;int\u00e9ress\u00e9 b\u00e9n\u00e9ficie du droit d&rsquo;acc\u00e8s, de rectification, d&rsquo;opposition et d\u2019annulation des donn\u00e9es personnelles figurant dans les fichiers mentionn\u00e9s. Il a la possibilit\u00e9 de retirer son consentement par \u00e9crit \u00e0 tout moment (Loi organique 15\/1999, du 13 d\u00e9cembre, relative \u00e0 la protection des donn\u00e9es \u00e0 caract\u00e8re personnel).<\/p>\n\n\n\n<h3 class=\"wp-block-heading\"><strong>R\u00e9clamations et protection des donn\u00e9es<\/strong><\/h3>\n\n\n\n<p>Si vous avez des r\u00e9clamations li\u00e9es au traitement de vos donn\u00e9es personnelles, vous pouvez les envoyer \u00e0 l&rsquo;Agence espagnole de protection des donn\u00e9es via le lien suivant : https:\/\/www.aepd.es\/.<\/p>\n\n\n\n<p>De m\u00eame, conform\u00e9ment aux dispositions du R\u00e8glement g\u00e9n\u00e9ral sur la protection des donn\u00e9es (RGPD), ainsi qu&rsquo;aux r\u00e9glementations nationales en mati\u00e8re de protection des donn\u00e9es, les utilisateurs ont le droit d&rsquo;exercer leurs droits d&rsquo;acc\u00e8s, de rectification et de suppression des donn\u00e9es, ainsi que de demander la limitation du traitement de leurs donn\u00e9es personnelles, de s&rsquo;opposer au traitement, de demander la portabilit\u00e9 de leurs donn\u00e9es, ainsi que de ne pas faire l&rsquo;objet de d\u00e9cisions individuelles automatis\u00e9es. Ils peuvent \u00e9galement r\u00e9voquer leur consentement \u00e0 tout moment. \u00c0 cet \u00e9gard, il convient de noter que la r\u00e9vocation du consentement donn\u00e9 n&rsquo;affectera pas la l\u00e9galit\u00e9 du traitement effectu\u00e9 avant le retrait de ce consentement.<\/p>\n\n\n\n<p>L&rsquo;utilisateur peut exercer ces droits en fournissant les documents n\u00e9cessaires \u00e0 la v\u00e9rification de son identit\u00e9 (copie de la carte d&rsquo;identit\u00e9, du passeport ou du NIE) par \u00e9crit en envoyant une demande \u00e0 Carrer del Toll n\u00ba18, Onda, Castell\u00f3n (Espagne), ou par courrier \u00e9lectronique \u00e0 l&rsquo;adresse suivante : lopd@tauceramica.com .<\/p>\n\n\n\n<p>En utilisant ce site web, vous acceptez de vous conformer \u00e0 ces termes et conditions. Si vous avez des questions concernant le pr\u00e9sent avis juridique, n&rsquo;h\u00e9sitez pas \u00e0 nous contacter \u00e0 l&rsquo;adresse tau@tauceramica.com.<\/p>\n","protected":false},"excerpt":{"rendered":"<p>Mentions l\u00e9gales &#8211; Conditions g\u00e9n\u00e9rales d&rsquo;utilisation &#8211; Politique de confidentialit\u00e9. Toute communication avec TAU CER\u00c1MICA \u00e0 travers son adresse de [&hellip;]<\/p>\n","protected":false},"author":1,"featured_media":269958,"parent":0,"menu_order":0,"comment_status":"closed","ping_status":"closed","template":"","meta":{"_acf_changed":false,"footnotes":""},"class_list":["post-269956","page","type-page","status-publish","has-post-thumbnail","hentry"],"acf":[],"_links":{"self":[{"href":"https:\/\/www.tauceramica.com\/fr\/wp-json\/wp\/v2\/pages\/269956","targetHints":{"allow":["GET"]}}],"collection":[{"href":"https:\/\/www.tauceramica.com\/fr\/wp-json\/wp\/v2\/pages"}],"about":[{"href":"https:\/\/www.tauceramica.com\/fr\/wp-json\/wp\/v2\/types\/page"}],"author":[{"embeddable":true,"href":"https:\/\/www.tauceramica.com\/fr\/wp-json\/wp\/v2\/users\/1"}],"replies":[{"embeddable":true,"href":"https:\/\/www.tauceramica.com\/fr\/wp-json\/wp\/v2\/comments?post=269956"}],"version-history":[{"count":1,"href":"https:\/\/www.tauceramica.com\/fr\/wp-json\/wp\/v2\/pages\/269956\/revisions"}],"predecessor-version":[{"id":612668,"href":"https:\/\/www.tauceramica.com\/fr\/wp-json\/wp\/v2\/pages\/269956\/revisions\/612668"}],"wp:featuredmedia":[{"embeddable":true,"href":"https:\/\/www.tauceramica.com\/fr\/wp-json\/wp\/v2\/media\/269958"}],"wp:attachment":[{"href":"https:\/\/www.tauceramica.com\/fr\/wp-json\/wp\/v2\/media?parent=269956"}],"curies":[{"name":"wp","href":"https:\/\/api.w.org\/{rel}","templated":true}]}}