{"id":277061,"date":"2021-04-16T10:49:16","date_gmt":"2021-04-16T08:49:16","guid":{"rendered":"https:\/\/tauceramica.zeus.vision\/ascale\/"},"modified":"2021-04-16T10:49:16","modified_gmt":"2021-04-16T08:49:16","slug":"ascale","status":"publish","type":"page","link":"https:\/\/www.tauceramica.com\/fr\/ascale\/","title":{"rendered":"ASCALE"},"content":{"rendered":"\n<p>ASCALE est le r\u00e9sultat de l&rsquo;exp\u00e9rience de plus d&rsquo;un demi-si\u00e8cle de la marque <strong><a rel=\"noreferrer noopener\" href=\"https:\/\/tauceramica.com\/\" target=\"_blank\">TAU<\/a><\/strong> dans le secteur de la c\u00e9ramique et de l&rsquo;application de la <strong>technologie la plus avanc\u00e9e en mati\u00e8re de dalles de grand format.<\/strong><br\/>Les <strong>dalles ASCALE<\/strong> sont disponibles dans des \u00e9paisseurs de 6, 12 et 20 mm et au format 320\u00d7160, ce qui constitue un outil tr\u00e8s puissant pour les professionnels de l&rsquo;architecture, du b\u00e2timent et de la d\u00e9coration int\u00e9rieure en raison de leur r\u00e9sistance et de leur polyvalence.<br\/>Par ailleurs, nos dalles de 12 mm d&rsquo;\u00e9paisseur int\u00e8grent un renfort en maille de fibre de verre au dos qui permet \u00e0 notre mat\u00e9riau d&rsquo;offrir une r\u00e9sistance in\u00e9gal\u00e9e.<\/p>\n\n<p><\/p>\n\n<figure class=\"wp-block-image size-large\"><img fetchpriority=\"high\" decoding=\"async\" width=\"683\" height=\"1024\" src=\"https:\/\/tauceramica.com\/wp-content\/uploads\/2020\/11\/ascale-683x1024-1.jpg\" alt=\"\" class=\"wp-image-269992\" srcset=\"https:\/\/www.tauceramica.com\/wp-content\/uploads\/2020\/11\/ascale-683x1024-1.jpg 683w, https:\/\/www.tauceramica.com\/wp-content\/uploads\/2020\/11\/ascale-683x1024-1-200x300.jpg 200w\" sizes=\"(max-width: 683px) 100vw, 683px\" \/><\/figure>\n\n<p>Gr\u00e2ce \u00e0 notre exp\u00e9rience et aux diff\u00e9rentes applications des derni\u00e8res technologies dans le processus de production, le temps de frittage que la pierre naturelle subit lorsqu&rsquo;elle est expos\u00e9e pendant des milliers d&rsquo;ann\u00e9es \u00e0 des pressions et des temp\u00e9ratures \u00e9lev\u00e9es est raccourci, en am\u00e9liorant, par la m\u00eame occasion, les performances de la pierre naturelle.<\/p>\n\n<p>Nos collections sont parfaitement adapt\u00e9es aux besoins de tous les publics. Notre portefeuille de produits englobe tous les types de marbre, ciment, pierre, bois, m\u00e9tal et mat\u00e9riaux essentiels. Notre mission est de cr\u00e9er des espaces qui \u00e9voquent des sensations de confort chez tous les publics.<\/p>\n\n<p>ASCALE permet de profiter des finitions des <strong>pierres naturelles les plus embl\u00e9matiques<\/strong> avec les prestations d&rsquo;une <strong>dalle de derni\u00e8re g\u00e9n\u00e9ration.<\/strong><\/p>\n","protected":false},"excerpt":{"rendered":"<p>ASCALE est le r\u00e9sultat de l&rsquo;exp\u00e9rience de plus d&rsquo;un demi-si\u00e8cle de la marque TAU dans le secteur de la c\u00e9ramique [&hellip;]<\/p>\n","protected":false},"author":1,"featured_media":0,"parent":0,"menu_order":0,"comment_status":"closed","ping_status":"closed","template":"","meta":{"_acf_changed":false,"footnotes":""},"class_list":["post-277061","page","type-page","status-publish","hentry"],"acf":[],"_links":{"self":[{"href":"https:\/\/www.tauceramica.com\/fr\/wp-json\/wp\/v2\/pages\/277061","targetHints":{"allow":["GET"]}}],"collection":[{"href":"https:\/\/www.tauceramica.com\/fr\/wp-json\/wp\/v2\/pages"}],"about":[{"href":"https:\/\/www.tauceramica.com\/fr\/wp-json\/wp\/v2\/types\/page"}],"author":[{"embeddable":true,"href":"https:\/\/www.tauceramica.com\/fr\/wp-json\/wp\/v2\/users\/1"}],"replies":[{"embeddable":true,"href":"https:\/\/www.tauceramica.com\/fr\/wp-json\/wp\/v2\/comments?post=277061"}],"version-history":[{"count":0,"href":"https:\/\/www.tauceramica.com\/fr\/wp-json\/wp\/v2\/pages\/277061\/revisions"}],"wp:attachment":[{"href":"https:\/\/www.tauceramica.com\/fr\/wp-json\/wp\/v2\/media?parent=277061"}],"curies":[{"name":"wp","href":"https:\/\/api.w.org\/{rel}","templated":true}]}}