{"id":585099,"date":"2023-12-04T11:52:40","date_gmt":"2023-12-04T10:52:40","guid":{"rendered":"https:\/\/tauceramica.com\/?page_id=585099"},"modified":"2025-07-08T10:45:27","modified_gmt":"2025-07-08T08:45:27","slug":"visualisez-les-modeles-tau-dans-votre-maison","status":"publish","type":"page","link":"https:\/\/www.tauceramica.com\/fr\/visualisez-les-modeles-tau-dans-votre-maison\/","title":{"rendered":"Visualisez les mod\u00e8les TAU dans votre maison"},"content":{"rendered":"\r\n<h2 class=\"wp-block-heading\">Imaginez vos espaces avec nos derniers outils<\/h2>\r\n\r\n\r\n\r\n<p>Vous souhaitez savoir \u00e0 quoi ressembleraient nos marbres, nos pierres, nos ciments et nos bois dans votre int\u00e9rieur? Vous pouvez maintenant le d\u00e9couvrir en seulement <a href=\"https:\/\/tauceramica.com\/?roomvoStartVisualizer=true\">quelques clics<\/a> !<\/p>\r\n\r\n\r\n\r\n<p>Cet outil vous offre une perspective diff\u00e9rente et plus proche pour vous aider \u00e0 choisir celui de nos mod\u00e8les qui sera le plus beau dans votre maison.<\/p>\r\n\r\n\r\n\r\n<h2 class=\"wp-block-heading\"><strong>Comment acc\u00e9der au simulateur ?<\/strong><\/h2>\r\n\r\n\r\n\r\n<p>L&rsquo;acc\u00e8s et l&rsquo;utilisation de notre simulateur sont tr\u00e8s simples. Vous pouvez acc\u00e9der \u00e0 la <a href=\"https:\/\/tauceramica.com\/?roomvoStartVisualizer=true\">page g\u00e9n\u00e9rique<\/a> ou \u00e0 l&rsquo;une de nos s\u00e9ries. En bas \u00e0 gauche de la s\u00e9rie s\u00e9lectionn\u00e9e, vous trouverez le bouton \u00ab\u00a0<a href=\"https:\/\/tauceramica.com\/fr\/series\/roadstone\/\">Simuler dans ma maison<\/a>\u00ab\u00a0.<\/p>\r\n\r\n\r\n\r\n<figure class=\"wp-block-image size-large\"><img fetchpriority=\"high\" decoding=\"async\" class=\"alignnone size-full wp-image-651373\" src=\"https:\/\/www.tauceramica.com\/wp-content\/uploads\/2024\/11\/Diseno-sin-titulo-2024-11-21T123831.159-scaled.jpg\" alt=\"\" width=\"2560\" height=\"1853\" srcset=\"https:\/\/www.tauceramica.com\/wp-content\/uploads\/2024\/11\/Diseno-sin-titulo-2024-11-21T123831.159-scaled.jpg 2560w, https:\/\/www.tauceramica.com\/wp-content\/uploads\/2024\/11\/Diseno-sin-titulo-2024-11-21T123831.159-300x217.jpg 300w, https:\/\/www.tauceramica.com\/wp-content\/uploads\/2024\/11\/Diseno-sin-titulo-2024-11-21T123831.159-1920x1390.jpg 1920w, https:\/\/www.tauceramica.com\/wp-content\/uploads\/2024\/11\/Diseno-sin-titulo-2024-11-21T123831.159-768x556.jpg 768w, https:\/\/www.tauceramica.com\/wp-content\/uploads\/2024\/11\/Diseno-sin-titulo-2024-11-21T123831.159-1536x1112.jpg 1536w, https:\/\/www.tauceramica.com\/wp-content\/uploads\/2024\/11\/Diseno-sin-titulo-2024-11-21T123831.159-2048x1482.jpg 2048w, https:\/\/www.tauceramica.com\/wp-content\/uploads\/2024\/11\/Diseno-sin-titulo-2024-11-21T123831.159-1200x868.jpg 1200w, https:\/\/www.tauceramica.com\/wp-content\/uploads\/2024\/11\/Diseno-sin-titulo-2024-11-21T123831.159-1980x1433.jpg 1980w\" sizes=\"(max-width: 2560px) 100vw, 2560px\" \/><\/figure>\r\n\r\n\r\n\r\n<p>C&rsquo;est maintenant \u00e0 vous d&rsquo;essayer, de changer et de choisir l&rsquo;option qui vous convient le mieux. Comme vous le verrez, le simulateur vous permet de t\u00e9l\u00e9charger une photo de votre maison ou de votre projet et de choisir parmi nos exemples de cuisines et de salles de bains.<\/p>\r\n\r\n\r\n\r\n<p>Une fois dans l&rsquo;espace, il ne vous reste plus qu&rsquo;\u00e0 choisir les mat\u00e9riaux, les couleurs et les formats que vous souhaitez pour les murs et les sols.<\/p>\r\n\r\n\r\n\r\n<h2 class=\"wp-block-heading\"><strong>Quels mod\u00e8les pouvez-vous d\u00e9couvrir chez vous ?<\/strong><\/h2>\r\n<ul>\r\n<li><a href=\"https:\/\/tauceramica.com\/series\/abstract\/\">Abstract<\/a><\/li>\r\n<li><a href=\"https:\/\/tauceramica.com\/series\/albar\/\">Alba<\/a><a href=\"https:\/\/tauceramica.com\/series\/albar\/\" target=\"_blank\" rel=\"noreferrer noopener\">r<\/a><\/li>\r\n<li><a href=\"https:\/\/www.tauceramica.com\/series\/albarracin\/\">Albarracin<\/a><\/li>\r\n<li><a href=\"https:\/\/www.tauceramica.com\/series\/allegra\/\">Allegra<\/a><\/li>\r\n<li><a href=\"https:\/\/www.tauceramica.com\/series\/alpi\/\">Alpi<\/a><\/li>\r\n<li><a href=\"https:\/\/www.tauceramica.com\/series\/alpino\/\">Alpino<\/a><\/li>\r\n<li><a href=\"https:\/\/www.tauceramica.com\/series\/altamura\/\">Altamura<\/a><\/li>\r\n\r\n\r\n\r\n<li><a href=\"https:\/\/tauceramica.com\/series\/amelie\/\">Amel<\/a><a href=\"https:\/\/tauceramica.com\/series\/amelie\/\" target=\"_blank\" rel=\"noreferrer noopener\">ie<\/a><\/li>\r\n<li><a href=\"https:\/\/www.tauceramica.com\/series\/austral\/\">Austral<\/a><\/li>\r\n<li><a href=\"https:\/\/www.tauceramica.com\/series\/avorio\/\">Avorio<\/a><\/li>\r\n<li><a href=\"https:\/\/www.tauceramica.com\/series\/balistone\/\">Balistone<\/a><\/li>\r\n\r\n\r\n\r\n<li><a href=\"https:\/\/tauceramica.com\/series\/baranello\/\">Baranello<\/a><\/li>\r\n<li><a href=\"https:\/\/www.tauceramica.com\/series\/baranello-wall\/\">Baranello Wall<\/a><\/li>\r\n<li><a href=\"https:\/\/www.tauceramica.com\/series\/beam-rusteel\/\">Beam Rusteel<\/a><\/li>\r\n<li><a href=\"https:\/\/www.tauceramica.com\/series\/belcastel\/\">Belcastel<\/a><\/li>\r\n<li><a href=\"https:\/\/www.tauceramica.com\/series\/bergamo\/\">Bergamo<\/a><\/li>\r\n<li><a href=\"https:\/\/www.tauceramica.com\/series\/berna\/\">Berna<\/a><\/li>\r\n<li><a href=\"https:\/\/www.tauceramica.com\/series\/betelu\/\">Betelu<\/a><\/li>\r\n<li><a href=\"https:\/\/www.tauceramica.com\/series\/bianchi\/\">Bianchi<\/a><\/li>\r\n\r\n\r\n\r\n<li><a href=\"https:\/\/tauceramica.com\/series\/bohars\/\">Bohar<\/a><a href=\"https:\/\/tauceramica.com\/series\/bohars\/\" target=\"_blank\" rel=\"noreferrer noopener\">s<\/a><\/li>\r\n<li><a href=\"https:\/\/www.tauceramica.com\/series\/borga\/\">Borga<\/a><\/li>\r\n\r\n\r\n\r\n<li><a href=\"https:\/\/tauceramica.com\/series\/brooklyn\/\">Brookly<\/a><a href=\"https:\/\/tauceramica.com\/series\/brooklyn\/\" target=\"_blank\" rel=\"noreferrer noopener\">n<\/a><\/li>\r\n<li><a href=\"https:\/\/www.tauceramica.com\/series\/calacatta-green\/\">Calacatta Green<\/a><\/li>\r\n<li><a href=\"https:\/\/www.tauceramica.com\/series\/calcare\/\">Calcare<\/a><\/li>\r\n<li><a href=\"https:\/\/www.tauceramica.com\/series\/cambria\/\">Cambria<\/a><\/li>\r\n<li><a href=\"https:\/\/www.tauceramica.com\/series\/cancan\/\">Cancan<\/a><\/li>\r\n<li><a href=\"https:\/\/www.tauceramica.com\/series\/carabela\/\">Carabela<\/a><\/li>\r\n<li><a href=\"https:\/\/www.tauceramica.com\/series\/caribbean\/\">Caribbean<\/a><\/li>\r\n<li><a href=\"https:\/\/www.tauceramica.com\/series\/casania\/\">Casania<\/a><\/li>\r\n\r\n\r\n\r\n<li><a href=\"https:\/\/tauceramica.com\/series\/castrovillari\/\">Castrovillari<\/a><\/li>\r\n<li><a href=\"https:\/\/www.tauceramica.com\/series\/cementine\/\">Cementine<\/a><\/li>\r\n<li><a href=\"https:\/\/www.tauceramica.com\/series\/ceppo-di-gre\/\">Ceppo di Gre<\/a><\/li>\r\n<li><a href=\"https:\/\/www.tauceramica.com\/series\/channel\/\">Channel<\/a><\/li>\r\n\r\n\r\n\r\n<li><a href=\"https:\/\/tauceramica.com\/series\/chromatic\/\">Chroma<\/a><a href=\"https:\/\/tauceramica.com\/series\/chromatic\/\" target=\"_blank\" rel=\"noreferrer noopener\">tic<\/a><\/li>\r\n<li><a href=\"https:\/\/www.tauceramica.com\/series\/classics\/\">Classics<\/a><\/li>\r\n<li><a href=\"https:\/\/www.tauceramica.com\/series\/clemon\/\">Clemon<\/a><\/li>\r\n<li><a href=\"https:\/\/www.tauceramica.com\/series\/colosseo\/\">Colosseo<\/a><\/li>\r\n<li><a href=\"https:\/\/www.tauceramica.com\/series\/cornwall\/\">Cornwall<\/a><\/li>\r\n\r\n\r\n\r\n<li><a href=\"https:\/\/tauceramica.com\/series\/corten\/\">Corte<\/a><a href=\"https:\/\/tauceramica.com\/series\/corten\/\" target=\"_blank\" rel=\"noreferrer noopener\">n<\/a><\/li>\r\n<li><a href=\"https:\/\/www.tauceramica.com\/series\/corten-wall\/\">Corten Wall<\/a><\/li>\r\n\r\n\r\n\r\n<li><a href=\"https:\/\/tauceramica.com\/series\/cosmopolita\/\">Cosmopolita<\/a><\/li>\r\n\r\n\r\n\r\n<li><a href=\"https:\/\/tauceramica.com\/series\/cosmopolita-wall\/\">Cosmopolita Wall<\/a><\/li>\r\n\r\n\r\n\r\n<li><a href=\"https:\/\/tauceramica.com\/series\/couvet\/\">Couv<\/a><a href=\"https:\/\/tauceramica.com\/series\/couvet\/\" target=\"_blank\" rel=\"noreferrer noopener\">et<\/a><\/li>\r\n<li><a href=\"https:\/\/www.tauceramica.com\/series\/cover\/\">Cover<\/a><\/li>\r\n<li><a href=\"https:\/\/www.tauceramica.com\/series\/crema-marfil\/\">Crema Marfil<\/a><\/li>\r\n<li><a href=\"https:\/\/www.tauceramica.com\/series\/crotone\/\">Crotone<\/a><\/li>\r\n<li><a href=\"https:\/\/www.tauceramica.com\/series\/cute\/\">Cute<\/a><\/li>\r\n<li><a href=\"https:\/\/www.tauceramica.com\/series\/alpino\/\" target=\"_blank\" rel=\"noopener\">Delight<\/a><\/li>\r\n\r\n\r\n\r\n<li><a href=\"https:\/\/tauceramica.com\/series\/devon\/\">Devon<\/a><\/li>\r\n\r\n\r\n\r\n<li><a href=\"https:\/\/tauceramica.com\/series\/dorcia\/\">Dorci<\/a><a href=\"https:\/\/tauceramica.com\/series\/dorcia\/\" target=\"_blank\" rel=\"noreferrer noopener\">a<\/a><\/li>\r\n<li><a href=\"https:\/\/www.tauceramica.com\/series\/dorset\/\">Dorset<\/a><\/li>\r\n<li><a href=\"https:\/\/www.tauceramica.com\/series\/dover\/\">Dover<\/a><\/li>\r\n<li><a href=\"https:\/\/www.tauceramica.com\/series\/dozza\/\">Dozza<\/a><\/li>\r\n\r\n\r\n\r\n<li><a href=\"https:\/\/tauceramica.com\/series\/elite\/\">Elite<\/a><\/li>\r\n<li><a href=\"https:\/\/www.tauceramica.com\/series\/emporio\/\" target=\"_blank\" rel=\"noopener\">Emporio<\/a><\/li>\r\n<li><a href=\"https:\/\/www.tauceramica.com\/series\/eternal\/\" target=\"_blank\" rel=\"noopener\">Eternal<\/a><\/li>\r\n<li><a href=\"https:\/\/www.tauceramica.com\/series\/evian-wall\/\">Evian Wall<\/a><\/li>\r\n\r\n\r\n\r\n<li><a href=\"https:\/\/tauceramica.com\/series\/fidenza\/\">Fidenza<\/a><\/li>\r\n\r\n\r\n\r\n<li><a href=\"https:\/\/tauceramica.com\/series\/forever\/\">Forever<\/a><\/li>\r\n<li><a href=\"https:\/\/www.tauceramica.com\/series\/hervas\/\">Hervas<\/a><\/li>\r\n<li><a href=\"https:\/\/www.tauceramica.com\/series\/iconik\/\">Iconik<\/a><\/li>\r\n\r\n\r\n\r\n<li><a href=\"https:\/\/tauceramica.com\/series\/integra\/\">Integra<\/a><\/li>\r\n<li><a href=\"https:\/\/www.tauceramica.com\/series\/integra-wall\/\">Integra Wall<\/a><\/li>\r\n\r\n\r\n\r\n<li><a href=\"https:\/\/tauceramica.com\/series\/invisible-gold\/\">Invisible Gol<\/a><a href=\"https:\/\/tauceramica.com\/series\/invisible-gold\/\" target=\"_blank\" rel=\"noreferrer noopener\">d<\/a><\/li>\r\n<li><a href=\"https:\/\/www.tauceramica.com\/series\/irati\/\">Irati<\/a><\/li>\r\n<li><a href=\"https:\/\/www.tauceramica.com\/series\/ironstone\/\">Ironstone<\/a><\/li>\r\n<li><a href=\"https:\/\/www.tauceramica.com\/series\/isola-capri\/\">Isola Capri<\/a><\/li>\r\n<li><a href=\"https:\/\/www.tauceramica.com\/series\/kian\/\">Kian<\/a><\/li>\r\n<li><a href=\"https:\/\/www.tauceramica.com\/series\/legend\/\">Legend<\/a><\/li>\r\n<li><a href=\"https:\/\/www.tauceramica.com\/series\/lema\/\">Lema<\/a><\/li>\r\n<li><a href=\"https:\/\/www.tauceramica.com\/series\/lema-wall\/\">Lema Wall<\/a><\/li>\r\n<li><a href=\"https:\/\/www.tauceramica.com\/series\/linewood\/\">Linewood<\/a><\/li>\r\n<li><a href=\"https:\/\/www.tauceramica.com\/series\/litium\/\">Litium<\/a><\/li>\r\n<li><a href=\"https:\/\/www.tauceramica.com\/series\/loire\/\">Loire<\/a><\/li>\r\n<li><a href=\"https:\/\/www.tauceramica.com\/series\/macael\/\">Macael<\/a><\/li>\r\n<li><a href=\"https:\/\/www.tauceramica.com\/series\/magic\/\">Magic<\/a><\/li>\r\n<li><a href=\"https:\/\/www.tauceramica.com\/series\/mainstone\/\" target=\"_blank\" rel=\"noopener\">Mainstone<\/a><\/li>\r\n<li><a href=\"https:\/\/www.tauceramica.com\/series\/maiolica\/\">Maiolica<\/a><\/li>\r\n<li><a href=\"https:\/\/www.tauceramica.com\/series\/maison\/\">Maison<\/a><\/li>\r\n<li><a href=\"https:\/\/www.tauceramica.com\/series\/marne\/\">Marne<\/a><\/li>\r\n<li><a href=\"https:\/\/www.tauceramica.com\/series\/marquina\/\">Marquina<\/a><\/li>\r\n<li><a href=\"https:\/\/www.tauceramica.com\/series\/medina\/\">Medina<\/a><\/li>\r\n<li><a href=\"https:\/\/www.tauceramica.com\/series\/metal\/\" target=\"_blank\" rel=\"noopener\">Metal<\/a><\/li>\r\n<li><a href=\"https:\/\/www.tauceramica.com\/series\/modica\/\">Modica<\/a><\/li>\r\n<li><a href=\"https:\/\/www.tauceramica.com\/series\/monteleone\/\">Monteleone<\/a><\/li>\r\n\r\n\r\n\r\n<li><a href=\"https:\/\/tauceramica.com\/series\/murano\/\">Mura<\/a><a href=\"https:\/\/tauceramica.com\/series\/murano\/\" target=\"_blank\" rel=\"noreferrer noopener\">no<\/a><\/li>\r\n<li><a href=\"https:\/\/www.tauceramica.com\/series\/mythe\/\">Mythe<\/a><\/li>\r\n<li><a href=\"https:\/\/www.tauceramica.com\/series\/nordicwood\/\">Nordicwood<\/a><\/li>\r\n<li><a href=\"https:\/\/www.tauceramica.com\/series\/novastone\/\">Novastone<\/a><\/li>\r\n<li><a href=\"https:\/\/www.tauceramica.com\/series\/oikos\/\">Oikos<\/a><\/li>\r\n\r\n\r\n\r\n<li><a href=\"https:\/\/tauceramica.com\/series\/onice-gold\/\">Onice Gol<\/a><a href=\"https:\/\/tauceramica.com\/series\/onice-gold\/\" target=\"_blank\" rel=\"noreferrer noopener\">d<\/a><\/li>\r\n<li><a href=\"https:\/\/www.tauceramica.com\/series\/ontario\/\">Ontario<\/a><\/li>\r\n\r\n\r\n\r\n<li><a href=\"https:\/\/tauceramica.com\/series\/origin\/\">Origin<\/a><\/li>\r\n<li><a href=\"https:\/\/www.tauceramica.com\/series\/oristan\/\">Oristan<\/a><\/li>\r\n<li><a href=\"https:\/\/www.tauceramica.com\/series\/palazzo\/\">Palazzo<\/a><\/li>\r\n<li><a href=\"https:\/\/www.tauceramica.com\/series\/palisandro\/\">Palisandro<\/a><\/li>\r\n<li><a href=\"https:\/\/www.tauceramica.com\/series\/palomastone\/\">Palomastone<\/a><\/li>\r\n<li><a href=\"https:\/\/www.tauceramica.com\/series\/palomastone-wall\/\">Palomastone Wall<\/a><\/li>\r\n\r\n\r\n\r\n<li><a href=\"https:\/\/tauceramica.com\/series\/pirineo\/\">Piri<\/a><a href=\"https:\/\/tauceramica.com\/series\/pirineo\/\" target=\"_blank\" rel=\"noreferrer noopener\">neo<\/a><\/li>\r\n<li><a href=\"https:\/\/www.tauceramica.com\/series\/pewter\/\">Pewter<\/a><\/li>\r\n\r\n\r\n\r\n<li><a href=\"https:\/\/tauceramica.com\/series\/portloren\/\">Portlore<\/a><a href=\"https:\/\/tauceramica.com\/series\/portloren\/\" target=\"_blank\" rel=\"noreferrer noopener\">n<\/a><\/li>\r\n<li><a href=\"https:\/\/www.tauceramica.com\/series\/ragusa\/\" target=\"_blank\" rel=\"noopener\">Ragusa<\/a><\/li>\r\n<li><a href=\"https:\/\/www.tauceramica.com\/series\/rapolano\/\">Rapolano<\/a><\/li>\r\n<li><a href=\"https:\/\/www.tauceramica.com\/series\/rennes\/\">Rennes<\/a><\/li>\r\n\r\n\r\n\r\n<li><a href=\"https:\/\/tauceramica.com\/series\/roadstone\/\">Roadstone<\/a><\/li>\r\n\r\n\r\n\r\n<li><a href=\"https:\/\/tauceramica.com\/series\/roadstone-wall\/\">Roadstone Wall<\/a><\/li>\r\n<li><a href=\"https:\/\/www.tauceramica.com\/series\/route\/\">Route<\/a><\/li>\r\n<li><a href=\"https:\/\/www.tauceramica.com\/series\/sassy\/\" target=\"_blank\" rel=\"noopener\">Sassy<\/a><\/li>\r\n<li><a href=\"https:\/\/www.tauceramica.com\/series\/serenastone\/\">Serenastone<\/a><\/li>\r\n<li><a href=\"https:\/\/www.tauceramica.com\/series\/sfera\/\">Sfera<\/a><\/li>\r\n\r\n\r\n\r\n<li><a href=\"https:\/\/tauceramica.com\/series\/slatestone\/\">Slateston<\/a><a href=\"https:\/\/tauceramica.com\/series\/slatestone\/\" target=\"_blank\" rel=\"noreferrer noopener\">e<\/a><\/li>\r\n<li><a href=\"https:\/\/www.tauceramica.com\/series\/slonwood\/\">Slonwood<\/a><\/li>\r\n\r\n\r\n\r\n<li><a href=\"https:\/\/tauceramica.com\/series\/soapstone\/\">Soapstone<\/a><\/li>\r\n\r\n\r\n\r\n<li><a href=\"https:\/\/tauceramica.com\/series\/sorrento\/\">Sorrent<\/a><a href=\"https:\/\/tauceramica.com\/series\/sorrento\/\" target=\"_blank\" rel=\"noreferrer noopener\">o<\/a><\/li>\r\n\r\n\r\n\r\n<li><a href=\"https:\/\/tauceramica.com\/series\/stale\/\">St<\/a><a href=\"https:\/\/tauceramica.com\/series\/stale\/\" target=\"_blank\" rel=\"noreferrer noopener\">ale<\/a><\/li>\r\n<li><a href=\"https:\/\/www.tauceramica.com\/series\/stucco\/\">Stucco<\/a><\/li>\r\n<li><a href=\"https:\/\/www.tauceramica.com\/series\/sun\/\">Sun<\/a><\/li>\r\n<li><a href=\"https:\/\/www.tauceramica.com\/series\/tabarca\/\">Tabarca<\/a><\/li>\r\n<li><a href=\"https:\/\/www.tauceramica.com\/series\/taj-mahal\/\">Taj Mahal<\/a><\/li>\r\n<li><a href=\"https:\/\/www.tauceramica.com\/series\/teba\/\" target=\"_blank\" rel=\"noopener\">Teba<\/a><\/li>\r\n<li><a href=\"https:\/\/www.tauceramica.com\/series\/terracina\/\">Terracina<\/a><\/li>\r\n<li><a href=\"https:\/\/www.tauceramica.com\/series\/terracotta\/\">Terracotta<\/a><\/li>\r\n<li><a href=\"https:\/\/www.tauceramica.com\/series\/torano\/\">Torano<\/a><\/li>\r\n<li><a href=\"https:\/\/www.tauceramica.com\/series\/torcello\/\">Torcello<\/a><\/li>\r\n<li><a href=\"https:\/\/www.tauceramica.com\/series\/tornares-duero\/\">Tornares Duero<\/a><\/li>\r\n<li><a href=\"https:\/\/www.tauceramica.com\/series\/tornares-gobi\/\">Tornares Gobi<\/a><\/li>\r\n<li><a href=\"https:\/\/www.tauceramica.com\/series\/tornares-gredos\/\">Tornares Gredos<\/a><\/li>\r\n<li><a href=\"https:\/\/www.tauceramica.com\/series\/tornares-hiru\/\">Tornares Hiru<\/a><\/li>\r\n\r\n\r\n\r\n<li><a href=\"https:\/\/tauceramica.com\/series\/tornares-nevada\/\" target=\"_blank\" rel=\"noreferrer noopener\">Tornares Nevada<\/a><\/li>\r\n<li><a href=\"https:\/\/www.tauceramica.com\/series\/tornares-olite\/\">Tornares Olite<\/a><\/li>\r\n<li><a href=\"https:\/\/www.tauceramica.com\/series\/tornares-ordesa\/\">Tornares Ordesa<\/a><\/li>\r\n\r\n\r\n\r\n<li><a href=\"https:\/\/tauceramica.com\/series\/tornares-rodas\/\">Tornares Ro<\/a><a href=\"https:\/\/tauceramica.com\/series\/tornares-rodas\/\" target=\"_blank\" rel=\"noreferrer noopener\">das<\/a><\/li>\r\n\r\n\r\n\r\n<li><a href=\"https:\/\/tauceramica.com\/series\/tornares-teide\/\">Tornares Te<\/a><a href=\"https:\/\/tauceramica.com\/series\/tornares-teide\/\" target=\"_blank\" rel=\"noreferrer noopener\">ide<\/a><\/li>\r\n\r\n\r\n\r\n<li><a href=\"https:\/\/tauceramica.com\/series\/tornares-zumaia\/\">Tornares Zuma<\/a><a href=\"https:\/\/tauceramica.com\/series\/tornares-zumaia\/\" target=\"_blank\" rel=\"noreferrer noopener\">ia<\/a><\/li>\r\n<li><a href=\"https:\/\/www.tauceramica.com\/series\/toscana-wall\/\">Toscana Wall<\/a><\/li>\r\n\r\n\r\n\r\n<li><a href=\"https:\/\/tauceramica.com\/series\/travertino\/\">Travertino<\/a><\/li>\r\n<li><a href=\"https:\/\/www.tauceramica.com\/series\/travertino-wall\/\">Travertino Wall<\/a><\/li>\r\n<li><a href=\"\/?series=vanity\">Vanity<\/a><\/li>\r\n<li><a href=\"https:\/\/www.tauceramica.com\/series\/varenna\/\">Varenna<\/a><\/li>\r\n<li><a href=\"\/?series=varena-wall\">Varenna Wall<\/a><\/li>\r\n<li><a href=\"https:\/\/www.tauceramica.com\/series\/varese\/\" target=\"_blank\" rel=\"noopener\">Varese<\/a><\/li>\r\n<li><a href=\"https:\/\/www.tauceramica.com\/series\/walmer\/\">Walmer<\/a><\/li>\r\n<li><a href=\"https:\/\/www.tauceramica.com\/series\/watery\/\">Watery<\/a><\/li>\r\n<li><a href=\"https:\/\/www.tauceramica.com\/series\/yaiza\/\">Yaiza<\/a><\/li>\r\n<li><a href=\"https:\/\/www.tauceramica.com\/series\/yukon\/\">Yukon<\/a><\/li>\r\n<\/ul>\r\n<p><!-- \/wp:post-content -->\r\n\r\n<!-- wp:paragraph --><\/p>\r\n<p>&nbsp;<\/p>\r\n<!-- \/wp:paragraph -->\r\n\r\n<!-- wp:heading -->\r\n<h2 class=\"wp-block-heading\"><strong>Avantages du simulateur TAU Cer\u00e1mica<\/strong><\/h2>\r\n<!-- \/wp:heading -->\r\n\r\n<!-- wp:paragraph -->\r\n<p>Gr\u00e2ce \u00e0 cet outil, vous pourrez:<\/p>\r\n<!-- \/wp:paragraph -->\r\n\r\n<!-- wp:list -->\r\n<ul><!-- wp:list-item -->\r\n<li>Visualiser r\u00e9ellement l&rsquo;aspect de nos mod\u00e8les dans votre maison.<\/li>\r\n<!-- \/wp:list-item -->\r\n\r\n<!-- wp:list-item -->\r\n<li>Prendre des d\u00e9cisions concr\u00e8tes et plus judicieuses<\/li>\r\n<!-- \/wp:list-item -->\r\n\r\n<!-- wp:list-item -->\r\n<li>Economiser du temps et des ressources<\/li>\r\n<!-- \/wp:list-item -->\r\n\r\n<!-- wp:list-item -->\r\n<li>T\u00e9l\u00e9charger l&rsquo;image<\/li>\r\n<!-- \/wp:list-item -->\r\n\r\n<!-- wp:list-item -->\r\n<li>Envoyer l&rsquo;image \u00e0 votre adresse \u00e9lectronique<\/li>\r\n<!-- \/wp:list-item --><\/ul>\r\n<!-- \/wp:list -->\r\n\r\n<!-- wp:paragraph -->\r\n<p>Essayez notre nouvel outil de visualisation et plongez dans un monde de possibilit\u00e9s stylistiques.<\/p>\r\n<!-- \/wp:paragraph -->","protected":false},"excerpt":{"rendered":"<p>Imaginez vos espaces avec nos derniers outils Vous souhaitez savoir \u00e0 quoi ressembleraient nos marbres, nos pierres, nos ciments et [&hellip;]<\/p>\n","protected":false},"author":2,"featured_media":651373,"parent":0,"menu_order":0,"comment_status":"closed","ping_status":"closed","template":"","meta":{"_acf_changed":false,"footnotes":""},"class_list":["post-585099","page","type-page","status-publish","has-post-thumbnail","hentry"],"acf":[],"_links":{"self":[{"href":"https:\/\/www.tauceramica.com\/fr\/wp-json\/wp\/v2\/pages\/585099","targetHints":{"allow":["GET"]}}],"collection":[{"href":"https:\/\/www.tauceramica.com\/fr\/wp-json\/wp\/v2\/pages"}],"about":[{"href":"https:\/\/www.tauceramica.com\/fr\/wp-json\/wp\/v2\/types\/page"}],"author":[{"embeddable":true,"href":"https:\/\/www.tauceramica.com\/fr\/wp-json\/wp\/v2\/users\/2"}],"replies":[{"embeddable":true,"href":"https:\/\/www.tauceramica.com\/fr\/wp-json\/wp\/v2\/comments?post=585099"}],"version-history":[{"count":11,"href":"https:\/\/www.tauceramica.com\/fr\/wp-json\/wp\/v2\/pages\/585099\/revisions"}],"predecessor-version":[{"id":830402,"href":"https:\/\/www.tauceramica.com\/fr\/wp-json\/wp\/v2\/pages\/585099\/revisions\/830402"}],"wp:featuredmedia":[{"embeddable":true,"href":"https:\/\/www.tauceramica.com\/fr\/wp-json\/wp\/v2\/media\/651373"}],"wp:attachment":[{"href":"https:\/\/www.tauceramica.com\/fr\/wp-json\/wp\/v2\/media?parent=585099"}],"curies":[{"name":"wp","href":"https:\/\/api.w.org\/{rel}","templated":true}]}}