{"id":604816,"date":"2024-02-16T12:05:05","date_gmt":"2024-02-16T11:05:05","guid":{"rendered":"https:\/\/tauceramica.com\/?page_id=604816"},"modified":"2024-02-16T12:05:06","modified_gmt":"2024-02-16T11:05:06","slug":"ceramicaexperience2024","status":"publish","type":"page","link":"https:\/\/www.tauceramica.com\/fr\/ceramicaexperience2024\/","title":{"rendered":"Discover the future of ceramic with TAU during the III Edition of the Cer\u00e1mica Experience"},"content":{"rendered":"\n<h2 class=\"wp-block-heading\"><strong><em>TAU dirige la transformation digitale dans l&rsquo;exp\u00e9rience de la c\u00e9ramique<\/em><\/strong><\/h2>\n\n\n\n<p>D\u00e9couvrez l&rsquo;avenir de la c\u00e9ramique avec TAU. Nous sommes fiers de pr\u00e9senter la collection ABSOLUTE, qui marque le style distinctif de 2024 avec une fusion unique de luxe durable et d&rsquo;\u00e9l\u00e9gance transformatrice. Cette collection r\u00e9volutionnaire t\u00e9moigne de notre engagement en faveur de l&rsquo;innovation et du changement de perspective dans le monde de la c\u00e9ramique.<\/p>\n\n\n\n<p>La collection ABSOLUTE se distingue par des produits diff\u00e9rents, notamment une gamme de bois en cinq couleurs (<strong>Couvet<\/strong>), du blanc minimaliste au noir puissant. Des designs audacieux comme <strong>Austral<\/strong> et de petits formats color\u00e9s comme <strong>Murano<\/strong> compl\u00e8tent l&rsquo;offre, offrant des options polyvalentes pour tous les go\u00fbts. Et les rev\u00eatements muraux audacieux et pleins de personnalit\u00e9 d&rsquo;<strong>Amelie<\/strong>.<\/p>\n\n\n\n<figure class=\"wp-block-image size-large\"><img fetchpriority=\"high\" decoding=\"async\" width=\"1024\" height=\"684\" src=\"https:\/\/tauceramica.com\/wp-content\/uploads\/2024\/02\/Amb-Murano-Deepblue-7x28-1-1024x684.jpg\" alt=\"\" class=\"wp-image-604803\" srcset=\"https:\/\/www.tauceramica.com\/wp-content\/uploads\/2024\/02\/Amb-Murano-Deepblue-7x28-1-1024x684.jpg 1024w, https:\/\/www.tauceramica.com\/wp-content\/uploads\/2024\/02\/Amb-Murano-Deepblue-7x28-1-300x200.jpg 300w, https:\/\/www.tauceramica.com\/wp-content\/uploads\/2024\/02\/Amb-Murano-Deepblue-7x28-1-768x513.jpg 768w, https:\/\/www.tauceramica.com\/wp-content\/uploads\/2024\/02\/Amb-Murano-Deepblue-7x28-1-1536x1026.jpg 1536w, https:\/\/www.tauceramica.com\/wp-content\/uploads\/2024\/02\/Amb-Murano-Deepblue-7x28-1-2048x1368.jpg 2048w, https:\/\/www.tauceramica.com\/wp-content\/uploads\/2024\/02\/Amb-Murano-Deepblue-7x28-1-1200x802.jpg 1200w, https:\/\/www.tauceramica.com\/wp-content\/uploads\/2024\/02\/Amb-Murano-Deepblue-7x28-1-1980x1323.jpg 1980w\" sizes=\"(max-width: 1024px) 100vw, 1024px\" \/><\/figure>\n\n\n\n<p>En outre, nous ajoutons un nouveau format \u00e0 notre collection <strong>BIG SIZES<\/strong>, d\u00e9sormais disponible en 160\u00d7160. Cette expansion d\u00e9montre non seulement notre engagement en faveur de la polyvalence et de l&rsquo;adaptabilit\u00e9, mais permet \u00e9galement de cr\u00e9er des espaces plus grands en r\u00e9duisant le nombre de joints.<\/p>\n\n\n\n<p>Comme si cela ne suffisait pas, nous continuons \u00e0 \u00e9largir notre collection TORNARES. Une collection d&rsquo;auteur dans laquelle le studio d&rsquo;architecture ERRE imprime ses besoins pour construire des espaces diff\u00e9renci\u00e9s. Dans cette \u00e9dition, nous pr\u00e9sentons <strong><a href=\"https:\/\/www.instagram.com\/reel\/C3X1Z7jPNbC\/\">Teide<\/a>,<\/strong> un mod\u00e8le avec des \u00e9cailles d\u00e9licates qui ajoutent de la vivacit\u00e9 \u00e0 la pi\u00e8ce.<\/p>\n\n\n\n<p>Mais notre innovation va au-del\u00e0 des carreaux. Dans notre poursuite incessante de l&rsquo;excellence, nous avons red\u00e9fini l&rsquo;exp\u00e9rience de l&rsquo;utilisateur avec une approche globale de la transformation num\u00e9rique. Du nouveau concept de catalogue aux panneaux num\u00e9riques et aux salles d&rsquo;exposition, nous pla\u00e7ons l&rsquo;utilisateur \u00e0 l&rsquo;\u00e9picentre de chaque d\u00e9cision.<\/p>\n\n\n\n<p>Notre catalogue, d\u00e9sormais num\u00e9rique, pr\u00e9sente un contenu diff\u00e9renciant, comme des vid\u00e9os qui r\u00e9v\u00e8lent les textures de nos produits et des vues \u00e9clat\u00e9es compl\u00e8tes pour chaque mod\u00e8le. En outre, nous sommes ravis d&rsquo;annoncer le lancement de notre <strong>application,<\/strong> qui permet aux clients d&rsquo;explorer notre catalogue hors ligne et de porter l&rsquo;exp\u00e9rience de la c\u00e9ramique \u00e0 de nouveaux sommets.<\/p>\n\n\n\n<p>Dans notre salle d&rsquo;exposition, nous sommes fiers de pr\u00e9senter le <strong>Screenboard<\/strong>, notre vision unique d&rsquo;un panneau qui soutient les pi\u00e8ces physiques, d\u00e9j\u00e0 lanc\u00e9 avec succ\u00e8s lors de la derni\u00e8re \u00e9dition du Cersaie.<\/p>\n\n\n\n<figure class=\"wp-block-image size-large\"><img decoding=\"async\" width=\"1024\" height=\"683\" src=\"https:\/\/tauceramica.com\/wp-content\/uploads\/2024\/02\/20230926-Cersaie2023RRSS-003-BajaResolucion-1024x683.jpg\" alt=\"\" class=\"wp-image-604812\" srcset=\"https:\/\/www.tauceramica.com\/wp-content\/uploads\/2024\/02\/20230926-Cersaie2023RRSS-003-BajaResolucion-1024x683.jpg 1024w, https:\/\/www.tauceramica.com\/wp-content\/uploads\/2024\/02\/20230926-Cersaie2023RRSS-003-BajaResolucion-300x200.jpg 300w, https:\/\/www.tauceramica.com\/wp-content\/uploads\/2024\/02\/20230926-Cersaie2023RRSS-003-BajaResolucion-768x512.jpg 768w, https:\/\/www.tauceramica.com\/wp-content\/uploads\/2024\/02\/20230926-Cersaie2023RRSS-003-BajaResolucion-1536x1024.jpg 1536w, https:\/\/www.tauceramica.com\/wp-content\/uploads\/2024\/02\/20230926-Cersaie2023RRSS-003-BajaResolucion-2048x1366.jpg 2048w, https:\/\/www.tauceramica.com\/wp-content\/uploads\/2024\/02\/20230926-Cersaie2023RRSS-003-BajaResolucion-1200x800.jpg 1200w, https:\/\/www.tauceramica.com\/wp-content\/uploads\/2024\/02\/20230926-Cersaie2023RRSS-003-BajaResolucion-1980x1320.jpg 1980w\" sizes=\"(max-width: 1024px) 100vw, 1024px\" \/><\/figure>\n\n\n\n<p>Toutefois, la pi\u00e8ce ma\u00eetresse de l&rsquo;exp\u00e9rience Cer\u00e1mica sera notre innovation la plus puissante \u00e0 ce jour : l&rsquo;<strong>Immersive Box<\/strong>. Cette \u00e9dition promet de captiver avec des perc\u00e9es num\u00e9riques et des produits exceptionnels, consolidant notre engagement continu envers l&rsquo;innovation et l&rsquo;excellence dans le domaine de la c\u00e9ramique.<\/p>\n\n\n\n<p>Chez TAU, nous ne nous contentons pas d&rsquo;offrir des c\u00e9ramiques, nous cr\u00e9ons une exp\u00e9rience transformatrice de la c\u00e9ramique. Bienvenue dans le futur avec TAU Ceramica.<\/p>\n","protected":false},"excerpt":{"rendered":"<p>TAU dirige la transformation digitale dans l&rsquo;exp\u00e9rience de la c\u00e9ramique D\u00e9couvrez l&rsquo;avenir de la c\u00e9ramique avec TAU. Nous sommes fiers [&hellip;]<\/p>\n","protected":false},"author":2,"featured_media":604806,"parent":0,"menu_order":0,"comment_status":"closed","ping_status":"closed","template":"","meta":{"_acf_changed":false,"footnotes":""},"class_list":["post-604816","page","type-page","status-publish","has-post-thumbnail","hentry"],"acf":[],"_links":{"self":[{"href":"https:\/\/www.tauceramica.com\/fr\/wp-json\/wp\/v2\/pages\/604816","targetHints":{"allow":["GET"]}}],"collection":[{"href":"https:\/\/www.tauceramica.com\/fr\/wp-json\/wp\/v2\/pages"}],"about":[{"href":"https:\/\/www.tauceramica.com\/fr\/wp-json\/wp\/v2\/types\/page"}],"author":[{"embeddable":true,"href":"https:\/\/www.tauceramica.com\/fr\/wp-json\/wp\/v2\/users\/2"}],"replies":[{"embeddable":true,"href":"https:\/\/www.tauceramica.com\/fr\/wp-json\/wp\/v2\/comments?post=604816"}],"version-history":[{"count":1,"href":"https:\/\/www.tauceramica.com\/fr\/wp-json\/wp\/v2\/pages\/604816\/revisions"}],"predecessor-version":[{"id":604817,"href":"https:\/\/www.tauceramica.com\/fr\/wp-json\/wp\/v2\/pages\/604816\/revisions\/604817"}],"wp:featuredmedia":[{"embeddable":true,"href":"https:\/\/www.tauceramica.com\/fr\/wp-json\/wp\/v2\/media\/604806"}],"wp:attachment":[{"href":"https:\/\/www.tauceramica.com\/fr\/wp-json\/wp\/v2\/media?parent=604816"}],"curies":[{"name":"wp","href":"https:\/\/api.w.org\/{rel}","templated":true}]}}