{"id":650990,"date":"2024-10-16T23:07:14","date_gmt":"2024-10-16T21:07:14","guid":{"rendered":"https:\/\/tauceramica.com\/quick-ceramica\/"},"modified":"2026-03-06T15:37:27","modified_gmt":"2026-03-06T14:37:27","slug":"quick-ceramica","status":"publish","type":"page","link":"https:\/\/www.tauceramica.com\/fr\/quick-ceramica\/","title":{"rendered":"Quick Cer\u00e1mica 2.0"},"content":{"rendered":"\t\t<div data-elementor-type=\"wp-page\" data-elementor-id=\"650990\" class=\"elementor elementor-650990 elementor-650844\">\n\t\t\t\t\t\t<section class=\"elementor-section elementor-top-section elementor-element elementor-element-795c65f elementor-section-content-middle elementor-section-boxed elementor-section-height-default elementor-section-height-default\" data-id=\"795c65f\" data-element_type=\"section\" data-e-type=\"section\">\n\t\t\t\t\t\t<div class=\"elementor-container elementor-column-gap-default\">\n\t\t\t\t\t<div class=\"elementor-column elementor-col-50 elementor-top-column elementor-element elementor-element-886e723\" data-id=\"886e723\" data-element_type=\"column\" data-e-type=\"column\">\n\t\t\t<div class=\"elementor-widget-wrap elementor-element-populated\">\n\t\t\t\t\t\t<div class=\"elementor-element elementor-element-ab6e92e elementor-widget elementor-widget-heading\" data-id=\"ab6e92e\" data-element_type=\"widget\" data-e-type=\"widget\" data-widget_type=\"heading.default\">\n\t\t\t\t\t<h3 class=\"elementor-heading-title elementor-size-default\">Couverture IXPE<\/h3>\t\t\t\t<\/div>\n\t\t\t\t<div class=\"elementor-element elementor-element-c57fb23 elementor-widget elementor-widget-text-editor\" data-id=\"c57fb23\" data-element_type=\"widget\" data-e-type=\"widget\" data-widget_type=\"text-editor.default\">\n\t\t\t\t\t\t\t\t\t<p>Une couverture isolante en poly\u00e9thyl\u00e8ne IXPE qui sert de base.<\/p>\t\t\t\t\t\t\t\t<\/div>\n\t\t\t\t\t<\/div>\n\t\t<\/div>\n\t\t\t\t<div class=\"elementor-column elementor-col-50 elementor-top-column elementor-element elementor-element-11f4878\" data-id=\"11f4878\" data-element_type=\"column\" data-e-type=\"column\">\n\t\t\t<div class=\"elementor-widget-wrap elementor-element-populated\">\n\t\t\t\t\t\t<div class=\"elementor-element elementor-element-cb5e5d0 elementor-widget elementor-widget-image\" data-id=\"cb5e5d0\" data-element_type=\"widget\" data-e-type=\"widget\" data-widget_type=\"image.default\">\n\t\t\t\t\t\t\t\t\t\t\t\t\t\t\t<img fetchpriority=\"high\" decoding=\"async\" width=\"580\" height=\"388\" src=\"https:\/\/www.tauceramica.com\/wp-content\/uploads\/2025\/03\/AISLANTE-1920x1283.png\" class=\"attachment-large size-large wp-image-735952\" alt=\"\" srcset=\"https:\/\/www.tauceramica.com\/wp-content\/uploads\/2025\/03\/AISLANTE-1920x1283.png 1920w, https:\/\/www.tauceramica.com\/wp-content\/uploads\/2025\/03\/AISLANTE-300x200.png 300w, https:\/\/www.tauceramica.com\/wp-content\/uploads\/2025\/03\/AISLANTE-768x513.png 768w, https:\/\/www.tauceramica.com\/wp-content\/uploads\/2025\/03\/AISLANTE-1536x1026.png 1536w, https:\/\/www.tauceramica.com\/wp-content\/uploads\/2025\/03\/AISLANTE-2048x1368.png 2048w, https:\/\/www.tauceramica.com\/wp-content\/uploads\/2025\/03\/AISLANTE-1200x802.png 1200w, https:\/\/www.tauceramica.com\/wp-content\/uploads\/2025\/03\/AISLANTE-1980x1323.png 1980w\" sizes=\"(max-width: 580px) 100vw, 580px\" \/>\t\t\t\t\t\t\t\t\t\t\t\t\t\t\t<\/div>\n\t\t\t\t\t<\/div>\n\t\t<\/div>\n\t\t\t\t\t<\/div>\n\t\t<\/section>\n\t\t\t\t<section class=\"elementor-section elementor-top-section elementor-element elementor-element-28caab6 elementor-section-content-middle elementor-section-boxed elementor-section-height-default elementor-section-height-default\" data-id=\"28caab6\" data-element_type=\"section\" data-e-type=\"section\">\n\t\t\t\t\t\t<div class=\"elementor-container elementor-column-gap-default\">\n\t\t\t\t\t<div class=\"elementor-column elementor-col-50 elementor-top-column elementor-element elementor-element-5976b8a\" data-id=\"5976b8a\" data-element_type=\"column\" data-e-type=\"column\">\n\t\t\t<div class=\"elementor-widget-wrap elementor-element-populated\">\n\t\t\t\t\t\t<div class=\"elementor-element elementor-element-773d35c elementor-widget elementor-widget-image\" data-id=\"773d35c\" data-element_type=\"widget\" data-e-type=\"widget\" data-widget_type=\"image.default\">\n\t\t\t\t\t\t\t\t\t\t\t\t\t\t\t<img decoding=\"async\" width=\"580\" height=\"388\" src=\"https:\/\/www.tauceramica.com\/wp-content\/uploads\/2025\/03\/PERFIL-1-1920x1283.png\" class=\"attachment-large size-large wp-image-735958\" alt=\"\" srcset=\"https:\/\/www.tauceramica.com\/wp-content\/uploads\/2025\/03\/PERFIL-1-1920x1283.png 1920w, https:\/\/www.tauceramica.com\/wp-content\/uploads\/2025\/03\/PERFIL-1-300x200.png 300w, https:\/\/www.tauceramica.com\/wp-content\/uploads\/2025\/03\/PERFIL-1-768x513.png 768w, https:\/\/www.tauceramica.com\/wp-content\/uploads\/2025\/03\/PERFIL-1-1536x1026.png 1536w, https:\/\/www.tauceramica.com\/wp-content\/uploads\/2025\/03\/PERFIL-1-2048x1368.png 2048w, https:\/\/www.tauceramica.com\/wp-content\/uploads\/2025\/03\/PERFIL-1-1200x802.png 1200w, https:\/\/www.tauceramica.com\/wp-content\/uploads\/2025\/03\/PERFIL-1-1980x1323.png 1980w\" sizes=\"(max-width: 580px) 100vw, 580px\" \/>\t\t\t\t\t\t\t\t\t\t\t\t\t\t\t<\/div>\n\t\t\t\t\t<\/div>\n\t\t<\/div>\n\t\t\t\t<div class=\"elementor-column elementor-col-50 elementor-top-column elementor-element elementor-element-9bc57b1\" data-id=\"9bc57b1\" data-element_type=\"column\" data-e-type=\"column\">\n\t\t\t<div class=\"elementor-widget-wrap elementor-element-populated\">\n\t\t\t\t\t\t<div class=\"elementor-element elementor-element-e28abd5 elementor-widget elementor-widget-heading\" data-id=\"e28abd5\" data-element_type=\"widget\" data-e-type=\"widget\" data-widget_type=\"heading.default\">\n\t\t\t\t\t<h3 class=\"elementor-heading-title elementor-size-default\">PVC<\/h3>\t\t\t\t<\/div>\n\t\t\t\t<div class=\"elementor-element elementor-element-ef0209b elementor-widget elementor-widget-text-editor\" data-id=\"ef0209b\" data-element_type=\"widget\" data-e-type=\"widget\" data-widget_type=\"text-editor.default\">\n\t\t\t\t\t\t\t\t\t<p>Permet l&rsquo;assemblage des pi\u00e8ces sans n\u00e9cessiter de travaux de construction ou d&rsquo;adh\u00e9sifs.<\/p>\t\t\t\t\t\t\t\t<\/div>\n\t\t\t\t\t<\/div>\n\t\t<\/div>\n\t\t\t\t\t<\/div>\n\t\t<\/section>\n\t\t\t\t<section class=\"elementor-section elementor-top-section elementor-element elementor-element-a66fa7d elementor-section-content-middle elementor-section-boxed elementor-section-height-default elementor-section-height-default\" data-id=\"a66fa7d\" data-element_type=\"section\" data-e-type=\"section\">\n\t\t\t\t\t\t<div class=\"elementor-container elementor-column-gap-default\">\n\t\t\t\t\t<div class=\"elementor-column elementor-col-50 elementor-top-column elementor-element elementor-element-b716bc5\" data-id=\"b716bc5\" data-element_type=\"column\" data-e-type=\"column\">\n\t\t\t<div class=\"elementor-widget-wrap elementor-element-populated\">\n\t\t\t\t\t\t<div class=\"elementor-element elementor-element-58cef10 elementor-widget elementor-widget-heading\" data-id=\"58cef10\" data-element_type=\"widget\" data-e-type=\"widget\" data-widget_type=\"heading.default\">\n\t\t\t\t\t<h3 class=\"elementor-heading-title elementor-size-default\">Carreau 7,8 mm <\/h3>\t\t\t\t<\/div>\n\t\t\t\t<div class=\"elementor-element elementor-element-4ef58e3 elementor-widget__width-initial elementor-widget elementor-widget-text-editor\" data-id=\"4ef58e3\" data-element_type=\"widget\" data-e-type=\"widget\" data-widget_type=\"text-editor.default\">\n\t\t\t\t\t\t\t\t\t<p>Les pi\u00e8ces c\u00e9ramiques minces (7,8 mm) offrent la flexibilit\u00e9 n\u00e9cessaire au fonctionnement optimal du syst\u00e8me.<\/p>\t\t\t\t\t\t\t\t<\/div>\n\t\t\t\t\t<\/div>\n\t\t<\/div>\n\t\t\t\t<div class=\"elementor-column elementor-col-50 elementor-top-column elementor-element elementor-element-3ae9a3a\" data-id=\"3ae9a3a\" data-element_type=\"column\" data-e-type=\"column\">\n\t\t\t<div class=\"elementor-widget-wrap elementor-element-populated\">\n\t\t\t\t\t\t<div class=\"elementor-element elementor-element-4d66a30 elementor-widget elementor-widget-image\" data-id=\"4d66a30\" data-element_type=\"widget\" data-e-type=\"widget\" data-widget_type=\"image.default\">\n\t\t\t\t\t\t\t\t\t\t\t\t\t\t\t<img decoding=\"async\" width=\"580\" height=\"388\" src=\"https:\/\/www.tauceramica.com\/wp-content\/uploads\/2025\/03\/CERAMICA-1920x1283.png\" class=\"attachment-large size-large wp-image-735955\" alt=\"\" srcset=\"https:\/\/www.tauceramica.com\/wp-content\/uploads\/2025\/03\/CERAMICA-1920x1283.png 1920w, https:\/\/www.tauceramica.com\/wp-content\/uploads\/2025\/03\/CERAMICA-300x200.png 300w, https:\/\/www.tauceramica.com\/wp-content\/uploads\/2025\/03\/CERAMICA-768x513.png 768w, https:\/\/www.tauceramica.com\/wp-content\/uploads\/2025\/03\/CERAMICA-1536x1026.png 1536w, https:\/\/www.tauceramica.com\/wp-content\/uploads\/2025\/03\/CERAMICA-2048x1368.png 2048w, https:\/\/www.tauceramica.com\/wp-content\/uploads\/2025\/03\/CERAMICA-1200x802.png 1200w, https:\/\/www.tauceramica.com\/wp-content\/uploads\/2025\/03\/CERAMICA-1980x1323.png 1980w\" sizes=\"(max-width: 580px) 100vw, 580px\" \/>\t\t\t\t\t\t\t\t\t\t\t\t\t\t\t<\/div>\n\t\t\t\t\t<\/div>\n\t\t<\/div>\n\t\t\t\t\t<\/div>\n\t\t<\/section>\n\t\t\t\t<section class=\"elementor-section elementor-top-section elementor-element elementor-element-a6773f2 elementor-section-boxed elementor-section-height-default elementor-section-height-default\" data-id=\"a6773f2\" data-element_type=\"section\" data-e-type=\"section\">\n\t\t\t\t\t\t<div class=\"elementor-container elementor-column-gap-default\">\n\t\t\t\t\t<div class=\"elementor-column elementor-col-100 elementor-top-column elementor-element elementor-element-db68dfe\" data-id=\"db68dfe\" data-element_type=\"column\" data-e-type=\"column\">\n\t\t\t<div class=\"elementor-widget-wrap elementor-element-populated\">\n\t\t\t\t\t\t<div class=\"elementor-element elementor-element-4ba3c2e elementor-widget elementor-widget-image\" data-id=\"4ba3c2e\" data-element_type=\"widget\" data-e-type=\"widget\" data-widget_type=\"image.default\">\n\t\t\t\t\t\t\t\t\t\t\t\t\t\t\t<img loading=\"lazy\" decoding=\"async\" width=\"580\" height=\"388\" src=\"https:\/\/www.tauceramica.com\/wp-content\/uploads\/2025\/03\/INSTALACION-1920x1283.jpg\" class=\"attachment-large size-large wp-image-761726\" alt=\"\" srcset=\"https:\/\/www.tauceramica.com\/wp-content\/uploads\/2025\/03\/INSTALACION-1920x1283.jpg 1920w, https:\/\/www.tauceramica.com\/wp-content\/uploads\/2025\/03\/INSTALACION-300x200.jpg 300w, https:\/\/www.tauceramica.com\/wp-content\/uploads\/2025\/03\/INSTALACION-768x513.jpg 768w, https:\/\/www.tauceramica.com\/wp-content\/uploads\/2025\/03\/INSTALACION-1536x1026.jpg 1536w, https:\/\/www.tauceramica.com\/wp-content\/uploads\/2025\/03\/INSTALACION-2048x1368.jpg 2048w, https:\/\/www.tauceramica.com\/wp-content\/uploads\/2025\/03\/INSTALACION-1200x802.jpg 1200w, https:\/\/www.tauceramica.com\/wp-content\/uploads\/2025\/03\/INSTALACION-1980x1323.jpg 1980w\" sizes=\"(max-width: 580px) 100vw, 580px\" \/>\t\t\t\t\t\t\t\t\t\t\t\t\t\t\t<\/div>\n\t\t\t\t\t<\/div>\n\t\t<\/div>\n\t\t\t\t\t<\/div>\n\t\t<\/section>\n\t\t\t\t<section class=\"elementor-section elementor-top-section elementor-element elementor-element-530e698 elementor-section-content-middle elementor-section-boxed elementor-section-height-default elementor-section-height-default\" data-id=\"530e698\" data-element_type=\"section\" data-e-type=\"section\">\n\t\t\t\t\t\t<div class=\"elementor-container elementor-column-gap-default\">\n\t\t\t\t\t<div class=\"elementor-column elementor-col-25 elementor-top-column elementor-element elementor-element-3a41fd6\" data-id=\"3a41fd6\" data-element_type=\"column\" data-e-type=\"column\">\n\t\t\t<div class=\"elementor-widget-wrap\">\n\t\t\t\t\t\t\t<\/div>\n\t\t<\/div>\n\t\t\t\t<div class=\"elementor-column elementor-col-50 elementor-top-column elementor-element elementor-element-b26b119\" data-id=\"b26b119\" data-element_type=\"column\" data-e-type=\"column\">\n\t\t\t<div class=\"elementor-widget-wrap elementor-element-populated\">\n\t\t\t\t\t\t<div class=\"elementor-element elementor-element-e0b2924 elementor-widget elementor-widget-text-editor\" data-id=\"e0b2924\" data-element_type=\"widget\" data-e-type=\"widget\" data-widget_type=\"text-editor.default\">\n\t\t\t\t\t\t\t\t\t<p>To get all the information download our Quick Cer\u00e1mica brochure<\/p>\t\t\t\t\t\t\t\t<\/div>\n\t\t\t\t<div class=\"elementor-element elementor-element-205f4f4 elementor-align-center elementor-widget elementor-widget-button\" data-id=\"205f4f4\" data-element_type=\"widget\" data-e-type=\"widget\" data-widget_type=\"button.default\">\n\t\t\t\t\t\t\t\t\t\t<a class=\"elementor-button elementor-button-link elementor-size-sm\" href=\"https:\/\/www.tauceramica.com\/wp-content\/uploads\/2025\/03\/Quiz-Quick-2.0-FR.pdf\" target=\"_blank\">\n\t\t\t\t\t\t<span class=\"elementor-button-content-wrapper\">\n\t\t\t\t\t\t\t\t\t<span class=\"elementor-button-text\">T\u00e9l\u00e9charger la brochure<\/span>\n\t\t\t\t\t<\/span>\n\t\t\t\t\t<\/a>\n\t\t\t\t\t\t\t\t<\/div>\n\t\t\t\t\t<\/div>\n\t\t<\/div>\n\t\t\t\t<div class=\"elementor-column elementor-col-25 elementor-top-column elementor-element elementor-element-bfcf829\" data-id=\"bfcf829\" data-element_type=\"column\" data-e-type=\"column\">\n\t\t\t<div class=\"elementor-widget-wrap\">\n\t\t\t\t\t\t\t<\/div>\n\t\t<\/div>\n\t\t\t\t\t<\/div>\n\t\t<\/section>\n\t\t\t\t<section class=\"elementor-section elementor-top-section elementor-element elementor-element-39a361a elementor-section-stretched elementor-section-boxed elementor-section-height-default elementor-section-height-default\" data-id=\"39a361a\" data-element_type=\"section\" data-e-type=\"section\" data-settings=\"{&quot;stretch_section&quot;:&quot;section-stretched&quot;,&quot;background_background&quot;:&quot;classic&quot;}\">\n\t\t\t\t\t\t<div class=\"elementor-container elementor-column-gap-default\">\n\t\t\t\t\t<div class=\"elementor-column elementor-col-100 elementor-top-column elementor-element elementor-element-4f934a8\" data-id=\"4f934a8\" data-element_type=\"column\" data-e-type=\"column\">\n\t\t\t<div class=\"elementor-widget-wrap elementor-element-populated\">\n\t\t\t\t\t\t<div class=\"elementor-element elementor-element-d8159bf elementor-widget elementor-widget-video\" data-id=\"d8159bf\" data-element_type=\"widget\" data-e-type=\"widget\" data-settings=\"{&quot;youtube_url&quot;:&quot;https:\\\/\\\/youtu.be\\\/FeUMTDwEEt8&quot;,&quot;autoplay&quot;:&quot;yes&quot;,&quot;play_on_mobile&quot;:&quot;yes&quot;,&quot;loop&quot;:&quot;yes&quot;,&quot;video_type&quot;:&quot;youtube&quot;,&quot;controls&quot;:&quot;yes&quot;}\" data-widget_type=\"video.default\">\n\t\t\t\t\t\t\t<div class=\"elementor-wrapper elementor-open-inline\">\n\t\t\t<div class=\"elementor-video\"><\/div>\t\t<\/div>\n\t\t\t\t\t\t<\/div>\n\t\t\t\t<div class=\"elementor-element elementor-element-91a5f3a elementor-widget elementor-widget-video\" data-id=\"91a5f3a\" data-element_type=\"widget\" data-e-type=\"widget\" data-settings=\"{&quot;video_type&quot;:&quot;videopress&quot;,&quot;autoplay&quot;:&quot;yes&quot;,&quot;controls&quot;:&quot;yes&quot;}\" data-widget_type=\"video.default\">\n\t\t\t\t\thttps:\/\/tauceramica.com\/wp-content\/uploads\/2024\/10\/Quick-Ceramica_demostracion-de-producto_TAU_ES.mp4\t\t\t\t<\/div>\n\t\t\t\t\t<\/div>\n\t\t<\/div>\n\t\t\t\t\t<\/div>\n\t\t<\/section>\n\t\t\t\t<\/div>\n\t\t","protected":false},"excerpt":{"rendered":"<p>Couverture IXPE Une couverture isolante en poly\u00e9thyl\u00e8ne IXPE qui sert de base. PVC Permet l&rsquo;assemblage des pi\u00e8ces sans n\u00e9cessiter de [&hellip;]<\/p>\n","protected":false},"author":2,"featured_media":0,"parent":0,"menu_order":0,"comment_status":"closed","ping_status":"closed","template":"page-elementor.php","meta":{"_acf_changed":false,"footnotes":""},"class_list":["post-650990","page","type-page","status-publish","hentry"],"acf":[],"_links":{"self":[{"href":"https:\/\/www.tauceramica.com\/fr\/wp-json\/wp\/v2\/pages\/650990","targetHints":{"allow":["GET"]}}],"collection":[{"href":"https:\/\/www.tauceramica.com\/fr\/wp-json\/wp\/v2\/pages"}],"about":[{"href":"https:\/\/www.tauceramica.com\/fr\/wp-json\/wp\/v2\/types\/page"}],"author":[{"embeddable":true,"href":"https:\/\/www.tauceramica.com\/fr\/wp-json\/wp\/v2\/users\/2"}],"replies":[{"embeddable":true,"href":"https:\/\/www.tauceramica.com\/fr\/wp-json\/wp\/v2\/comments?post=650990"}],"version-history":[{"count":37,"href":"https:\/\/www.tauceramica.com\/fr\/wp-json\/wp\/v2\/pages\/650990\/revisions"}],"predecessor-version":[{"id":964074,"href":"https:\/\/www.tauceramica.com\/fr\/wp-json\/wp\/v2\/pages\/650990\/revisions\/964074"}],"wp:attachment":[{"href":"https:\/\/www.tauceramica.com\/fr\/wp-json\/wp\/v2\/media?parent=650990"}],"curies":[{"name":"wp","href":"https:\/\/api.w.org\/{rel}","templated":true}]}}