{"id":806306,"date":"2025-05-26T10:14:05","date_gmt":"2025-05-26T08:14:05","guid":{"rendered":"https:\/\/www.tauceramica.com\/?page_id=806306"},"modified":"2025-05-26T11:17:39","modified_gmt":"2025-05-26T09:17:39","slug":"gravita","status":"publish","type":"page","link":"https:\/\/www.tauceramica.com\/fr\/gravita\/","title":{"rendered":"Gravita"},"content":{"rendered":"\t\t<div data-elementor-type=\"wp-page\" data-elementor-id=\"806306\" class=\"elementor elementor-806306 elementor-784432\">\n\t\t\t\t\t\t<section class=\"elementor-section elementor-top-section elementor-element elementor-element-fb137cf elementor-section-boxed elementor-section-height-default elementor-section-height-default\" data-id=\"fb137cf\" data-element_type=\"section\" data-e-type=\"section\">\n\t\t\t\t\t\t<div class=\"elementor-container elementor-column-gap-default\">\n\t\t\t\t\t<div class=\"elementor-column elementor-col-100 elementor-top-column elementor-element elementor-element-69c9f77\" data-id=\"69c9f77\" data-element_type=\"column\" data-e-type=\"column\">\n\t\t\t<div class=\"elementor-widget-wrap elementor-element-populated\">\n\t\t\t\t\t\t<div class=\"elementor-element elementor-element-5db7db9 elementor-widget elementor-widget-text-editor\" data-id=\"5db7db9\" data-element_type=\"widget\" data-e-type=\"widget\" data-widget_type=\"text-editor.default\">\n\t\t\t\t\t\t\t\t\t<p><span style=\"color: #000000;\"><strong data-start=\"40\" data-end=\"173\">Gravita est le nouveau proc\u00e9d\u00e9 de fabrication c\u00e9ramique qui permet de cr\u00e9er des surfaces multi-formats \u00e0 haute valeur esth\u00e9tique.<\/strong><\/span><br data-start=\"173\" data-end=\"176\" \/><span style=\"color: #000000;\">Une technologie pens\u00e9e pour inspirer les designers, faciliter le travail des distributeurs et s\u00e9duire les clients.<\/span><\/p>\t\t\t\t\t\t\t\t<\/div>\n\t\t\t\t<div class=\"elementor-element elementor-element-eb39515 elementor-widget elementor-widget-text-editor\" data-id=\"eb39515\" data-element_type=\"widget\" data-e-type=\"widget\" data-widget_type=\"text-editor.default\">\n\t\t\t\t\t\t\t\t\t<h4><span style=\"color: #000000;\">Qu\u2019est-ce qui rend Gravita unique ?<\/span><\/h4><p><span style=\"color: #000000;\">Avec Gravita, nous combinons le meilleur de la d\u00e9coration num\u00e9rique avanc\u00e9e avec un syst\u00e8me de production optimis\u00e9. Le r\u00e9sultat ? Des surfaces aux reliefs synchronis\u00e9s, aux textures r\u00e9alistes et aux formats adaptables \u2014 le tout dans une seule et m\u00eame pi\u00e8ce.<\/span><\/p>\t\t\t\t\t\t\t\t<\/div>\n\t\t\t\t<div class=\"elementor-element elementor-element-31253b2 elementor-widget elementor-widget-text-editor\" data-id=\"31253b2\" data-element_type=\"widget\" data-e-type=\"widget\" data-widget_type=\"text-editor.default\">\n\t\t\t\t\t\t\t\t\t<ul><li data-start=\"593\" data-end=\"623\"><p data-start=\"595\" data-end=\"623\"><span style=\"color: #000000;\">Reliefs profonds et pr\u00e9cis<\/span><\/p><\/li><li data-start=\"624\" data-end=\"668\"><p data-start=\"626\" data-end=\"668\"><span style=\"color: #000000;\">Continuit\u00e9 visuelle sur tous les formats<\/span><\/p><\/li><li data-start=\"669\" data-end=\"726\"><p data-start=\"671\" data-end=\"726\"><span style=\"color: #000000;\">Efficacit\u00e9 industrielle \u00e9lev\u00e9e et r\u00e9duction des d\u00e9chets<\/span><\/p><\/li><li style=\"list-style-type: none;\">\u00a0<\/li><\/ul>\t\t\t\t\t\t\t\t<\/div>\n\t\t\t\t\t<\/div>\n\t\t<\/div>\n\t\t\t\t\t<\/div>\n\t\t<\/section>\n\t\t\t\t<section class=\"elementor-section elementor-top-section elementor-element elementor-element-ed947f0 elementor-section-boxed elementor-section-height-default elementor-section-height-default\" data-id=\"ed947f0\" data-element_type=\"section\" data-e-type=\"section\">\n\t\t\t\t\t\t<div class=\"elementor-container elementor-column-gap-default\">\n\t\t\t\t\t<div class=\"elementor-column elementor-col-100 elementor-top-column elementor-element elementor-element-b79e66c\" data-id=\"b79e66c\" data-element_type=\"column\" data-e-type=\"column\">\n\t\t\t<div class=\"elementor-widget-wrap elementor-element-populated\">\n\t\t\t\t\t\t<div class=\"elementor-element elementor-element-c8ecadc elementor-widget elementor-widget-image\" data-id=\"c8ecadc\" data-element_type=\"widget\" data-e-type=\"widget\" data-widget_type=\"image.default\">\n\t\t\t\t\t\t\t\t\t\t\t\t\t\t\t<img fetchpriority=\"high\" decoding=\"async\" width=\"580\" height=\"102\" src=\"https:\/\/www.tauceramica.com\/wp-content\/uploads\/2025\/05\/LOGOTIPO-GRAVITA.png\" class=\"attachment-large size-large wp-image-806265\" alt=\"\" srcset=\"https:\/\/www.tauceramica.com\/wp-content\/uploads\/2025\/05\/LOGOTIPO-GRAVITA.png 632w, https:\/\/www.tauceramica.com\/wp-content\/uploads\/2025\/05\/LOGOTIPO-GRAVITA-300x53.png 300w\" sizes=\"(max-width: 580px) 100vw, 580px\" \/>\t\t\t\t\t\t\t\t\t\t\t\t\t\t\t<\/div>\n\t\t\t\t<div class=\"elementor-element elementor-element-9cbf568 elementor-widget elementor-widget-text-editor\" data-id=\"9cbf568\" data-element_type=\"widget\" data-e-type=\"widget\" data-widget_type=\"text-editor.default\">\n\t\t\t\t\t\t\t\t\t<p data-start=\"728\" data-end=\"929\"><span style=\"color: #000000;\"><strong data-start=\"728\" data-end=\"757\">Multi-format sans limites<\/strong><\/span><br data-start=\"757\" data-end=\"760\" \/><span style=\"color: #000000;\">Gr\u00e2ce \u00e0 l\u2019application en grand format (jusqu\u2019\u00e0 120\u00d7120 cm), Gravita permet une d\u00e9coupe ult\u00e9rieure en diff\u00e9rentes dimensions (60\u00d760, 60\u00d7120, 30\u00d760\u2026), tout en conservant :<\/span><\/p><ul data-start=\"931\" data-end=\"1068\"><li data-start=\"931\" data-end=\"971\"><p data-start=\"933\" data-end=\"971\"><span style=\"color: #000000;\">La continuit\u00e9 du design et du relief<\/span><\/p><\/li><li data-start=\"972\" data-end=\"1013\"><p data-start=\"974\" data-end=\"1013\"><span style=\"color: #000000;\">L\u2019uniformit\u00e9 des tons et des textures<\/span><\/p><\/li><li data-start=\"1014\" data-end=\"1068\"><p data-start=\"1016\" data-end=\"1068\"><span style=\"color: #000000;\">Une flexibilit\u00e9 maximale pour tout espace ou style<\/span><\/p><\/li><\/ul><p data-start=\"1070\" data-end=\"1167\"><span style=\"color: #000000;\">Parfait pour les rev\u00eatements muraux, les sols ou les solutions d\u2019am\u00e9nagement int\u00e9rieur int\u00e9gr\u00e9es.<\/span><\/p>\t\t\t\t\t\t\t\t<\/div>\n\t\t\t\t\t<\/div>\n\t\t<\/div>\n\t\t\t\t\t<\/div>\n\t\t<\/section>\n\t\t\t\t<section class=\"elementor-section elementor-top-section elementor-element elementor-element-52b0cc0 elementor-section-boxed elementor-section-height-default elementor-section-height-default\" data-id=\"52b0cc0\" data-element_type=\"section\" data-e-type=\"section\">\n\t\t\t\t\t\t<div class=\"elementor-container elementor-column-gap-default\">\n\t\t\t\t\t<div class=\"elementor-column elementor-col-100 elementor-top-column elementor-element elementor-element-10facce\" data-id=\"10facce\" data-element_type=\"column\" data-e-type=\"column\">\n\t\t\t<div class=\"elementor-widget-wrap elementor-element-populated\">\n\t\t\t\t\t\t<div class=\"elementor-element elementor-element-b90feb7 elementor-widget elementor-widget-text-editor\" data-id=\"b90feb7\" data-element_type=\"widget\" data-e-type=\"widget\" data-widget_type=\"text-editor.default\">\n\t\t\t\t\t\t\t\t\t<h4 data-start=\"225\" data-end=\"387\"><span style=\"color: #000000;\"><a style=\"color: #000000;\" href=\"https:\/\/www.tauceramica.com\/series\/calcare\/\">Calcare<\/a> : texture et polyvalence<\/span><\/h4><p data-start=\"1169\" data-end=\"1363\"><span style=\"color: #000000;\">Calcare est la premi\u00e8re collection d\u00e9velopp\u00e9e avec la technologie Gravita, con\u00e7ue pour se distinguer par son r\u00e9alisme, sa texture et sa vari\u00e9t\u00e9 de formats.<\/span><\/p><p data-start=\"1365\" data-end=\"1529\"><span style=\"color: #000000;\">Une pierre \u00e9l\u00e9gante et fonctionnelle, avec des reliefs parfaitement int\u00e9gr\u00e9s au design, disponible en multi-format, s\u2019adaptant naturellement \u00e0 tous types d\u2019espaces.<\/span><\/p>\t\t\t\t\t\t\t\t<\/div>\n\t\t\t\t<div class=\"elementor-element elementor-element-5e6de8f elementor-widget elementor-widget-video\" data-id=\"5e6de8f\" data-element_type=\"widget\" data-e-type=\"widget\" data-settings=\"{&quot;youtube_url&quot;:&quot;https:\\\/\\\/www.youtube.com\\\/watch?v=_WbpwisQCIY&quot;,&quot;video_type&quot;:&quot;youtube&quot;,&quot;controls&quot;:&quot;yes&quot;}\" data-widget_type=\"video.default\">\n\t\t\t\t\t\t\t<div class=\"elementor-wrapper elementor-open-inline\">\n\t\t\t<div class=\"elementor-video\"><\/div>\t\t<\/div>\n\t\t\t\t\t\t<\/div>\n\t\t\t\t<div class=\"elementor-element elementor-element-84b0da2 elementor-widget elementor-widget-text-editor\" data-id=\"84b0da2\" data-element_type=\"widget\" data-e-type=\"widget\" data-widget_type=\"text-editor.default\">\n\t\t\t\t\t\t\t\t\t<p><span style=\"color: #000000;\">Authenticit\u00e9, \u00e9quilibre et caract\u00e8re dans chaque pi\u00e8ce.<\/span><\/p>\t\t\t\t\t\t\t\t<\/div>\n\t\t\t\t\t<\/div>\n\t\t<\/div>\n\t\t\t\t\t<\/div>\n\t\t<\/section>\n\t\t\t\t<\/div>\n\t\t","protected":false},"excerpt":{"rendered":"<p>Gravita est le nouveau proc\u00e9d\u00e9 de fabrication c\u00e9ramique qui permet de cr\u00e9er des surfaces multi-formats \u00e0 haute valeur esth\u00e9tique.Une technologie [&hellip;]<\/p>\n","protected":false},"author":2,"featured_media":806259,"parent":0,"menu_order":0,"comment_status":"closed","ping_status":"closed","template":"","meta":{"_acf_changed":false,"footnotes":""},"class_list":["post-806306","page","type-page","status-publish","has-post-thumbnail","hentry"],"acf":[],"_links":{"self":[{"href":"https:\/\/www.tauceramica.com\/fr\/wp-json\/wp\/v2\/pages\/806306","targetHints":{"allow":["GET"]}}],"collection":[{"href":"https:\/\/www.tauceramica.com\/fr\/wp-json\/wp\/v2\/pages"}],"about":[{"href":"https:\/\/www.tauceramica.com\/fr\/wp-json\/wp\/v2\/types\/page"}],"author":[{"embeddable":true,"href":"https:\/\/www.tauceramica.com\/fr\/wp-json\/wp\/v2\/users\/2"}],"replies":[{"embeddable":true,"href":"https:\/\/www.tauceramica.com\/fr\/wp-json\/wp\/v2\/comments?post=806306"}],"version-history":[{"count":9,"href":"https:\/\/www.tauceramica.com\/fr\/wp-json\/wp\/v2\/pages\/806306\/revisions"}],"predecessor-version":[{"id":806315,"href":"https:\/\/www.tauceramica.com\/fr\/wp-json\/wp\/v2\/pages\/806306\/revisions\/806315"}],"wp:featuredmedia":[{"embeddable":true,"href":"https:\/\/www.tauceramica.com\/fr\/wp-json\/wp\/v2\/media\/806259"}],"wp:attachment":[{"href":"https:\/\/www.tauceramica.com\/fr\/wp-json\/wp\/v2\/media?parent=806306"}],"curies":[{"name":"wp","href":"https:\/\/api.w.org\/{rel}","templated":true}]}}