{"id":836286,"date":"2025-07-24T13:09:21","date_gmt":"2025-07-24T11:09:21","guid":{"rendered":"https:\/\/www.tauceramica.com\/solicitar-alta-en-b2b\/"},"modified":"2025-09-09T15:56:44","modified_gmt":"2025-09-09T13:56:44","slug":"demande-dinscription-en-b2b","status":"publish","type":"page","link":"https:\/\/www.tauceramica.com\/fr\/demande-dinscription-en-b2b\/","title":{"rendered":"Demande d&rsquo;inscription en B2B"},"content":{"rendered":"<div class=\"page-h3 mb-4\">Si vous \u00eates d\u00e9j\u00e0 un DISTRIBUTEUR TAU<\/div>\n<p>Remplissez les champs du formulaire, nous examinerons votre demande personnellement et nous vous contacterons<\/p>\n\n<div class=\"wpcf7 no-js\" id=\"wpcf7-f836284-o1\" lang=\"fr-FR\" dir=\"ltr\" data-wpcf7-id=\"836284\">\n<div class=\"screen-reader-response\"><p role=\"status\" aria-live=\"polite\" aria-atomic=\"true\"><\/p> <ul><\/ul><\/div>\n<form action=\"\/fr\/wp-json\/wp\/v2\/pages\/836286#wpcf7-f836284-o1\" method=\"post\" class=\"wpcf7-form init d6d5b67dbe92 cmatic-disconn cmatic-aud-0 cmatic-mapd0-0 cmatic-v097802 cmatic-sent-0 cmatic-total-0\" aria-label=\"Formulaire de contact\" novalidate=\"novalidate\" data-status=\"init\">\n<fieldset class=\"hidden-fields-container\"><input type=\"hidden\" name=\"_wpcf7\" value=\"836284\" \/><input type=\"hidden\" name=\"_wpcf7_version\" value=\"6.1.5\" \/><input type=\"hidden\" name=\"_wpcf7_locale\" value=\"fr_FR\" \/><input type=\"hidden\" name=\"_wpcf7_unit_tag\" value=\"wpcf7-f836284-o1\" \/><input type=\"hidden\" name=\"_wpcf7_container_post\" value=\"0\" \/><input type=\"hidden\" name=\"_wpcf7_posted_data_hash\" value=\"\" \/><input type=\"hidden\" name=\"_wpcf7dtx_version\" value=\"5.0.5\" \/><input type=\"hidden\" name=\"_wpcf7_recaptcha_response\" value=\"\" \/>\n<\/fieldset>\n<div id=\"contact-form\" class=\"relative flex flex-col\">\n<div class=\"fields relative flex flex-col\">\n    <div class=\"relative\">\n       <label for=\"aname\">Nom de l'entreprise * <\/label>\n       <input size=\"40\" maxlength=\"400\" class=\"wpcf7-form-control wpcf7-text wpcf7-validates-as-required\" id=\"aname\" aria-required=\"true\" aria-invalid=\"false\" placeholder=\"Nom\" value=\"\" type=\"text\" name=\"aname\" \/>\n    <\/div>\n    <div class=\"relative\">\n       <label for=\"acontact\">Personne de contact * <\/label>\n       <input size=\"40\" maxlength=\"400\" class=\"wpcf7-form-control wpcf7-text wpcf7-validates-as-required\" id=\"acontact\" aria-required=\"true\" aria-invalid=\"false\" placeholder=\"Personne de contact\" value=\"\" type=\"text\" name=\"acontact\" \/>\n    <\/div>\n    <div class=\"relative\">\n       <label for=\"email\">E-mail *<\/label>\n       <input size=\"40\" maxlength=\"400\" class=\"wpcf7-form-control wpcf7-email wpcf7-validates-as-required wpcf7-text wpcf7-validates-as-email\" id=\"email\" aria-required=\"true\" aria-invalid=\"false\" placeholder=\"E-mail\" value=\"\" type=\"email\" name=\"email\" \/>\n    <\/div>\n    <div class=\"relative\">\n       <label for=\"acountry\">Pays *<\/label>\n       <input size=\"40\" maxlength=\"400\" class=\"wpcf7-form-control wpcf7-text wpcf7-validates-as-required\" id=\"acountry\" aria-required=\"true\" aria-invalid=\"false\" placeholder=\"Pays\" value=\"\" type=\"text\" name=\"acountry\" \/>\n    <\/div>\n<\/div>\n\n\n<div class=\"relative flex flex-col checkboxes mb-10\">\n<span class=\"wpcf7-form-control wpcf7-acceptance\"><span class=\"wpcf7-list-item\"><label><input type=\"checkbox\" name=\"acceptance-912\" value=\"1\" class=\"flex items-center p-0 my-2 par\" aria-invalid=\"false\" \/><span class=\"wpcf7-list-item-label\"><span>J'ai lu et j'accepte la  <a href=\"https:\/\/www.tauceramica.com\/fr\/politique-de-confidentialite\/\" target=\"_blank\">Politique de confidentialit\u00e9<\/a> <\/span><\/span><\/label><\/span><\/span>\n<\/div>\n\n    <div class=\"relative\">\n        <input class=\"wpcf7-form-control wpcf7-submit has-spinner\" type=\"submit\" value=\"Demander une inscription\" \/>\n    <\/div>\n<\/div><p style=\"display: none !important;\" class=\"akismet-fields-container\" data-prefix=\"_wpcf7_ak_\"><label>&#916;<textarea name=\"_wpcf7_ak_hp_textarea\" cols=\"45\" rows=\"8\" maxlength=\"100\"><\/textarea><\/label><input type=\"hidden\" id=\"ak_js_1\" name=\"_wpcf7_ak_js\" value=\"161\"\/><script>document.getElementById( \"ak_js_1\" ).setAttribute( \"value\", ( new Date() ).getTime() );<\/script><\/p><div class=\"wpcf7-response-output\" aria-hidden=\"true\"><\/div>\n<\/form>\n<\/div>\n\n","protected":false},"excerpt":{"rendered":"<p>Si vous \u00eates d\u00e9j\u00e0 un DISTRIBUTEUR TAU Remplissez les champs du formulaire, nous examinerons votre demande personnellement et nous vous [&hellip;]<\/p>\n","protected":false},"author":1,"featured_media":0,"parent":0,"menu_order":0,"comment_status":"closed","ping_status":"closed","template":"page-b2b.php","meta":{"_acf_changed":false,"footnotes":""},"class_list":["post-836286","page","type-page","status-publish","hentry"],"acf":[],"_links":{"self":[{"href":"https:\/\/www.tauceramica.com\/fr\/wp-json\/wp\/v2\/pages\/836286","targetHints":{"allow":["GET"]}}],"collection":[{"href":"https:\/\/www.tauceramica.com\/fr\/wp-json\/wp\/v2\/pages"}],"about":[{"href":"https:\/\/www.tauceramica.com\/fr\/wp-json\/wp\/v2\/types\/page"}],"author":[{"embeddable":true,"href":"https:\/\/www.tauceramica.com\/fr\/wp-json\/wp\/v2\/users\/1"}],"replies":[{"embeddable":true,"href":"https:\/\/www.tauceramica.com\/fr\/wp-json\/wp\/v2\/comments?post=836286"}],"version-history":[{"count":10,"href":"https:\/\/www.tauceramica.com\/fr\/wp-json\/wp\/v2\/pages\/836286\/revisions"}],"predecessor-version":[{"id":847982,"href":"https:\/\/www.tauceramica.com\/fr\/wp-json\/wp\/v2\/pages\/836286\/revisions\/847982"}],"wp:attachment":[{"href":"https:\/\/www.tauceramica.com\/fr\/wp-json\/wp\/v2\/media?parent=836286"}],"curies":[{"name":"wp","href":"https:\/\/api.w.org\/{rel}","templated":true}]}}