{"id":927435,"date":"2025-11-26T10:48:39","date_gmt":"2025-11-26T09:48:39","guid":{"rendered":"https:\/\/www.tauceramica.com\/digital\/"},"modified":"2026-02-09T11:13:47","modified_gmt":"2026-02-09T10:13:47","slug":"digital","status":"publish","type":"page","link":"https:\/\/www.tauceramica.com\/fr\/digital\/","title":{"rendered":"TAU Digital &#8211; 12 outils"},"content":{"rendered":"<p>Ils combinent cr\u00e9ativit\u00e9, technologie et strat\u00e9gie pour g\u00e9n\u00e9rer des solutions innovantes et \u00e0 fort impact.<\/p>\n","protected":false},"excerpt":{"rendered":"<p>Ils combinent cr\u00e9ativit\u00e9, technologie et strat\u00e9gie pour g\u00e9n\u00e9rer des solutions innovantes et \u00e0 fort impact.<\/p>\n","protected":false},"author":1,"featured_media":0,"parent":0,"menu_order":0,"comment_status":"closed","ping_status":"closed","template":"page-tau-digital.php","meta":{"_acf_changed":false,"footnotes":""},"class_list":["post-927435","page","type-page","status-publish","hentry"],"acf":[],"_links":{"self":[{"href":"https:\/\/www.tauceramica.com\/fr\/wp-json\/wp\/v2\/pages\/927435","targetHints":{"allow":["GET"]}}],"collection":[{"href":"https:\/\/www.tauceramica.com\/fr\/wp-json\/wp\/v2\/pages"}],"about":[{"href":"https:\/\/www.tauceramica.com\/fr\/wp-json\/wp\/v2\/types\/page"}],"author":[{"embeddable":true,"href":"https:\/\/www.tauceramica.com\/fr\/wp-json\/wp\/v2\/users\/1"}],"replies":[{"embeddable":true,"href":"https:\/\/www.tauceramica.com\/fr\/wp-json\/wp\/v2\/comments?post=927435"}],"version-history":[{"count":3,"href":"https:\/\/www.tauceramica.com\/fr\/wp-json\/wp\/v2\/pages\/927435\/revisions"}],"predecessor-version":[{"id":951055,"href":"https:\/\/www.tauceramica.com\/fr\/wp-json\/wp\/v2\/pages\/927435\/revisions\/951055"}],"wp:attachment":[{"href":"https:\/\/www.tauceramica.com\/fr\/wp-json\/wp\/v2\/media?parent=927435"}],"curies":[{"name":"wp","href":"https:\/\/api.w.org\/{rel}","templated":true}]}}