{"id":982999,"date":"2026-04-23T17:07:27","date_gmt":"2026-04-23T15:07:27","guid":{"rendered":"https:\/\/www.tauceramica.com\/?page_id=982999"},"modified":"2026-04-23T17:07:27","modified_gmt":"2026-04-23T15:07:27","slug":"votre-meilleur-allie-en-magasin-dans-votre-poche","status":"publish","type":"page","link":"https:\/\/www.tauceramica.com\/fr\/votre-meilleur-allie-en-magasin-dans-votre-poche\/","title":{"rendered":"Votre meilleur alli\u00e9 en magasin, dans votre poche"},"content":{"rendered":"<p data-start=\"883\" data-end=\"1035\">Nous savons que chaque seconde compte en magasin. C\u2019est pourquoi nous avons cr\u00e9\u00e9 une plateforme pens\u00e9e pour vous : rapide, intuitive et toujours \u00e0 jour.<\/p>\n<p data-start=\"1037\" data-end=\"1095\">Depuis un seul endroit, vous pouvez facilement consulter :<\/p>\n<ul data-start=\"1097\" data-end=\"1327\">\n<li data-section-id=\"1i1lrer\" data-start=\"1097\" data-end=\"1130\">Tous les produits disponibles<\/li>\n<li data-section-id=\"1gajiw6\" data-start=\"1131\" data-end=\"1165\">Couleurs, formats et finitions<\/li>\n<li data-section-id=\"tm344u\" data-start=\"1166\" data-end=\"1189\">Stock en temps r\u00e9el<\/li>\n<li data-section-id=\"12hlpxr\" data-start=\"1190\" data-end=\"1227\">Informations techniques compl\u00e8tes<\/li>\n<li data-section-id=\"8h8t3v\" data-start=\"1228\" data-end=\"1267\">Conditionnement et caract\u00e9ristiques<\/li>\n<li data-section-id=\"v6kih2\" data-start=\"1268\" data-end=\"1296\">Ambiances et inspiration<\/li>\n<li data-section-id=\"pn22vj\" data-start=\"1297\" data-end=\"1327\">Vid\u00e9os et contenus visuels<\/li>\n<\/ul>\n<p data-start=\"1329\" data-end=\"1377\">Tout ce dont vous avez besoin, en un coup d\u2019\u0153il.<\/p>\n<p data-start=\"1379\" data-end=\"1516\">Parfait pour votre quotidien : lorsque vous accueillez des clients, pr\u00e9parez des visites ou devez r\u00e9pondre \u00e0 des questions imm\u00e9diatement.<\/p>\n<p data-start=\"1518\" data-end=\"1665\" data-is-last-node=\"\" data-is-only-node=\"\">Acc\u00e9dez-y d\u00e8s maintenant via le lien suivant ou scannez l\u2019un des QR codes disponibles sur nos panneaux et pr\u00e9sentoirs: <a href=\"https:\/\/shops.tauceramica.com\/\" target=\"_blank\" rel=\"noopener\"><strong data-start=\"1640\" data-end=\"1665\" data-is-last-node=\"\">shops.tauceramica.com<\/strong><\/a><\/p>\n","protected":false},"excerpt":{"rendered":"<p>Nous savons que chaque seconde compte en magasin. C\u2019est pourquoi nous avons cr\u00e9\u00e9 une plateforme pens\u00e9e pour vous : rapide, [&hellip;]<\/p>\n","protected":false},"author":7,"featured_media":982993,"parent":0,"menu_order":0,"comment_status":"closed","ping_status":"closed","template":"","meta":{"_acf_changed":false,"footnotes":""},"class_list":["post-982999","page","type-page","status-publish","has-post-thumbnail","hentry"],"acf":[],"_links":{"self":[{"href":"https:\/\/www.tauceramica.com\/fr\/wp-json\/wp\/v2\/pages\/982999","targetHints":{"allow":["GET"]}}],"collection":[{"href":"https:\/\/www.tauceramica.com\/fr\/wp-json\/wp\/v2\/pages"}],"about":[{"href":"https:\/\/www.tauceramica.com\/fr\/wp-json\/wp\/v2\/types\/page"}],"author":[{"embeddable":true,"href":"https:\/\/www.tauceramica.com\/fr\/wp-json\/wp\/v2\/users\/7"}],"replies":[{"embeddable":true,"href":"https:\/\/www.tauceramica.com\/fr\/wp-json\/wp\/v2\/comments?post=982999"}],"version-history":[{"count":1,"href":"https:\/\/www.tauceramica.com\/fr\/wp-json\/wp\/v2\/pages\/982999\/revisions"}],"predecessor-version":[{"id":983000,"href":"https:\/\/www.tauceramica.com\/fr\/wp-json\/wp\/v2\/pages\/982999\/revisions\/983000"}],"wp:featuredmedia":[{"embeddable":true,"href":"https:\/\/www.tauceramica.com\/fr\/wp-json\/wp\/v2\/media\/982993"}],"wp:attachment":[{"href":"https:\/\/www.tauceramica.com\/fr\/wp-json\/wp\/v2\/media?parent=982999"}],"curies":[{"name":"wp","href":"https:\/\/api.w.org\/{rel}","templated":true}]}}